{"id":14693,"date":"2025-01-29T09:20:30","date_gmt":"2025-01-29T08:20:33","guid":{"rendered":"https:\/\/digamac.com\/tienda\/sem%20categoria\/apple-macbook-pro-141-space-grey-133-tara-core-i5-23ghz-16-gb-ram-256-gb-ssd-m2-2560x1600-pt-11750\/"},"modified":"2025-03-18T13:10:39","modified_gmt":"2025-03-18T12:10:39","slug":"apple-macbook-pro-141-space-grey-133-tara-core-i5-23ghz-16-gb-ram-256-gb-ssd-m2-2560x1600-pt-11750","status":"publish","type":"product","link":"https:\/\/digamac.com\/pt-pt\/loja\/com-taras-pt\/apple-macbook-pro-141-space-grey-133-tara-core-i5-23ghz-16-gb-ram-256-gb-ssd-m2-2560x1600-pt-11750\/","title":{"rendered":"Apple MacBook Pro 14,1 Space Grey 13.3&#8221; | Tara  | Core i5 2.3GHz | 16 GB RAM | 256 GB SSD M2 2560&#215;1600"},"content":{"rendered":"<p><strong>Processador<\/strong><br \/>Intel Core i5 7360U 2.3 GHz.<br \/><strong>Mem\u00f3ria RAM<\/strong><br \/>16 Gb. SO-DDR3 RAM<br \/><strong>Disco r\u00edgido<\/strong><br \/>256 Gb. SSD M2<br \/><strong>Cart\u00f5es<\/strong><br \/>Placa gr\u00e1fica: Iris Plus Graphics 640<br \/>Som: HD Audio<br \/><strong>Sistema operativo<\/strong><br \/>macOS Ventura<br \/><strong>Portos<\/strong><br \/>2x USB-C<br \/><strong>Tela<\/strong><br \/>Retina 13.3 &#8221; 2K 16:9  \u00b7 Resolu\u00e7\u00e3o 2560&#215;1600<br \/><strong>Multim\u00eddia<\/strong><br \/>Webcam<br \/><strong>Conectividade<\/strong><br \/>WIFI<br \/>Bluetooth<br \/><strong>Espec\u00edfico laptop<\/strong><br \/>Layout do teclado Espanhol<br \/><strong>Outros<\/strong><br \/>hR embalagens<br \/><strong>Dimens\u00f5es<\/strong><br \/>30x21x1.5 cm.<br \/><strong>Peso<\/strong><br \/>1.50 Kg.<br \/><strong>Coment\u00e1rios<\/strong><br \/><u>Pequeno rasg\u00e3o na moldura inferior do ecr\u00e3. Este \u00e9 um pequeno amassado na base da tela. Isto n\u00e3o afeta em nada a vis\u00e3o do ecr\u00e3. Esta \u00e9 uma falha lim\u00edtrofe. \u00c9 uma quest\u00e3o puramente est\u00e9tica. As restantes funcionalidades est\u00e3o corretas. Pesquise em \u201c+ Fotos\u201d e caso tenha alguma d\u00favida ligue ou utilize o nosso chat para mais informa\u00e7\u00f5es ou para solicitar mais detalhes.<\/u><\/p>\n","protected":false},"excerpt":{"rendered":"<p>Intel Core i5 7360U 2,3 GHz. \u00b7 16 Gb. RAM SO-DDR3 \u00b7<u>Pequeno rasg\u00e3o no quadro inferior direito do ecr\u00e3 (Ver em &#8220;+ Fotos&#8221;)<\/u> [&#8230;]<\/p>\n<p><a class=\"btn btn-secondary understrap-read-more-link\" href=\"https:\/\/digamac.com\/pt-pt\/loja\/com-taras-pt\/apple-macbook-pro-141-space-grey-133-tara-core-i5-23ghz-16-gb-ram-256-gb-ssd-m2-2560x1600-pt-11750\/\">Continuar a ler&#8230;<span class=\"screen-reader-text\"> from Apple MacBook Pro 14,1 Space Grey 13.3&#8221; | Tara  | Core i5 2.3GHz | 16 GB RAM | 256 GB SSD M2 2560&#215;1600<\/span><\/a><\/p>\n","protected":false},"featured_media":14684,"template":"","meta":[],"product_brand":[3122],"product_cat":[154],"product_tag":[],"class_list":{"0":"post-14693","1":"product","2":"type-product","3":"status-publish","4":"has-post-thumbnail","6":"product_brand-apple","7":"product_cat-com-taras-pt","9":"first","10":"outofstock","11":"taxable","12":"shipping-taxable","13":"purchasable","14":"product-type-simple"},"exclude_global_add_ons":[],"addons":[],"_links":{"self":[{"href":"https:\/\/digamac.com\/pt-pt\/wp-json\/wp\/v2\/product\/14693","targetHints":{"allow":["GET"]}}],"collection":[{"href":"https:\/\/digamac.com\/pt-pt\/wp-json\/wp\/v2\/product"}],"about":[{"href":"https:\/\/digamac.com\/pt-pt\/wp-json\/wp\/v2\/types\/product"}],"wp:featuredmedia":[{"embeddable":true,"href":"https:\/\/digamac.com\/pt-pt\/wp-json\/wp\/v2\/media\/14684"}],"wp:attachment":[{"href":"https:\/\/digamac.com\/pt-pt\/wp-json\/wp\/v2\/media?parent=14693"}],"wp:term":[{"taxonomy":"product_brand","embeddable":true,"href":"https:\/\/digamac.com\/pt-pt\/wp-json\/wp\/v2\/product_brand?post=14693"},{"taxonomy":"product_cat","embeddable":true,"href":"https:\/\/digamac.com\/pt-pt\/wp-json\/wp\/v2\/product_cat?post=14693"},{"taxonomy":"product_tag","embeddable":true,"href":"https:\/\/digamac.com\/pt-pt\/wp-json\/wp\/v2\/product_tag?post=14693"}],"curies":[{"name":"wp","href":"https:\/\/api.w.org\/{rel}","templated":true}]}}