{"id":14777,"date":"2025-01-29T13:15:11","date_gmt":"2025-01-29T12:15:15","guid":{"rendered":"https:\/\/digamac.com\/tienda\/sem categoria\/lg-27bk550y-27-blanco-ips-169-recondicionado-1920x1080-pt-13120\/"},"modified":"2025-01-29T13:15:15","modified_gmt":"2025-01-29T12:15:15","slug":"lg-27bk550y-27-blanco-ips-169-recondicionado-1920x1080-pt-13120","status":"publish","type":"product","link":"https:\/\/digamac.com\/pt-pt\/loja\/sem-categoria-pt\/lg-27bk550y-27-blanco-ips-169-recondicionado-1920x1080-pt-13120\/","title":{"rendered":"LG 27BK550Y 27&#8243; Blanco IPS 16:9 | Recondicionado | 1920&#215;1080"},"content":{"rendered":"<p><strong>Tela<\/strong><br \/>IPS 27 &#8221; FullHD com Alto-falantes \u00b7  16:9  \u00b7 Resolu\u00e7\u00e3o 1920&#215;1080<br \/>Dot pitch 0.3114 mm<br \/>Resposta 5 ms<br \/>Contraste 1000:1<br \/>Brilho 250 cd\/m2<br \/>\u00c2ngulo vis\u00e3o 178\u00b0v\/178\u00b0h<br \/><strong>Portas de v\u00eddeo<\/strong><br \/>VGA<br \/>HDMI<br \/>Display Port<br \/>DVI<br \/><strong>Espec\u00edfico tela<\/strong><br \/>Apoio VESA<br \/>Pedestal<br \/>Regul\u00e1vel em altura<br \/><strong>Outros<\/strong><br \/>hR embalagens<br \/><strong>Dimens\u00f5es<\/strong><br \/>62.2x24x40.5 cm.<br \/><strong>Peso<\/strong><br \/>7.30 Kg.<br \/><strong>Especifica\u00e7\u00f5es adicionais<\/strong><br \/>O LG 27BK550Y \u00e9 um monitor de 27 polegadas com resolu\u00e7\u00e3o Full HD (1920&#215;1080), ideal para quem busca qualidade de imagem e versatilidade em um design moderno e funcional. Seu painel IPS oferece reprodu\u00e7\u00e3o precisa de cores e amplos \u00e2ngulos de vis\u00e3o de 178\u00b0 em todas as dire\u00e7\u00f5es, perfeito para trabalho profissional, multim\u00eddia ou uso di\u00e1rio.<br \/>Com um tempo de resposta de 5 ms e um contraste est\u00e1tico de 1000:1, garante nitidez e imagens fluidas, enquanto seu brilho de 250 cd\/m\u00b2 garante uma experi\u00eancia visual n\u00edtida em qualquer ambiente.<br \/>Este monitor se destaca por sua conectividade completa: VGA, HDMI, DisplayPort, DVI e 2 portas USB 2.0, permitindo conectar v\u00e1rios dispositivos. Al\u00e9m disso, possui alto-falantes integrados, tornando-o uma solu\u00e7\u00e3o completa para um ambiente limpo e arrumado.<br \/>O LG 27BK550Y tamb\u00e9m possui um suporte ergon\u00f4mico ajust\u00e1vel para maior conforto durante longas sess\u00f5es de uso. O seu acabamento branco confere um toque elegante e profissional a qualquer espa\u00e7o de trabalho ou escrit\u00f3rio.<br \/>Boa apar\u00eancia exterior. Se voc\u00ea tiver alguma d\u00favida, ligue para n\u00f3s ou use nosso chat para mais informa\u00e7\u00f5es ou para solicitar mais detalhes.<\/p>\n<p><strong>Coment\u00e1rios<\/strong><br \/><u>Cabo de alimenta\u00e7\u00e3o e VGA inclu\u00eddo &#8211; 2xUSB 2.0<\/u><\/p>\n","protected":false},"excerpt":{"rendered":"<p>IPS 27 &#8221; FullHD com Alto-falantes \u00b7  16:9  \u00b7 Resolu\u00e7\u00e3o 1920&#215;1080 \u00b7 Dot pitch 0.3114 mm \u00b7 Resposta 5 ms \u00b7 Contraste 1000:1 \u00b7 Brilho 250 cd\/m2 \u00b7 \u00c2ngulo vis\u00e3o 178\u00b0v\/178\u00b0h \u00b7 VGA \u00b7 HDMI \u00b7 Display Port \u00b7 DVI \u00b7 <u>Cabo de alimenta\u00e7\u00e3o e VGA inclu\u00eddo &#8211; 2xUSB 2.0<\/u> [&#8230;]<\/p>\n<p><a class=\"btn btn-secondary understrap-read-more-link\" href=\"https:\/\/digamac.com\/pt-pt\/loja\/sem-categoria-pt\/lg-27bk550y-27-blanco-ips-169-recondicionado-1920x1080-pt-13120\/\">Continuar a ler&#8230;<span class=\"screen-reader-text\"> from LG 27BK550Y 27&#8243; Blanco IPS 16:9 | Recondicionado | 1920&#215;1080<\/span><\/a><\/p>\n","protected":false},"featured_media":14766,"template":"","meta":[],"product_brand":[3127],"product_cat":[3054],"product_tag":[],"class_list":{"0":"post-14777","1":"product","2":"type-product","3":"status-publish","4":"has-post-thumbnail","6":"product_brand-lg","7":"product_cat-sem-categoria-pt","9":"first","10":"outofstock","11":"taxable","12":"shipping-taxable","13":"purchasable","14":"product-type-simple"},"exclude_global_add_ons":true,"addons":{"webcam-upgrades":{"name":"Extens\u00e3o Webcam","type":"multiple_choice","position":0,"required":false,"title_format":"heading","default":"","description_enable":false,"description":"","placeholder_enable":false,"placeholder":"","display":"radiobutton","restrictions_type":"any_text","adjust_price":false,"price":"","price_type":"quantity_based","restrictions":false,"min":"0","max":"0","options":[{"label":"Conceptronic AMDIS FullHD [AMP00085]","price":"29.0000","price_type":"quantity_based","image":0,"visibility":true}]},"hdmi-upgrades":{"name":"Extens\u00e3o cabo","type":"multiple_choice","position":0,"required":false,"title_format":"heading","default":"","description_enable":false,"description":"","placeholder_enable":false,"placeholder":"","display":"radiobutton","restrictions_type":"any_text","adjust_price":false,"price":"","price_type":"quantity_based","restrictions":false,"min":"0","max":"0","options":[{"label":"Cabo HDMI 2 mts. [AMP00104]","price":"6.0000","price_type":"quantity_based","image":0,"visibility":true},{"label":"DisplayPort para cabo DisplayPort 1,8 mts. [AMP00103]","price":"8.0000","price_type":"quantity_based","image":0,"visibility":true},{"label":"Cabo DVI-D M \/ M Dual Link 1,8 mts. [AMP00102]","price":"2.0000","price_type":"quantity_based","image":0,"visibility":true}]},"warranty-upgrades":{"name":"Extens\u00e3o garant\u00eda","type":"multiple_choice","position":0,"required":false,"title_format":"heading","default":"","description_enable":false,"description":"","placeholder_enable":false,"placeholder":"","display":"radiobutton","restrictions_type":"any_text","adjust_price":false,"price":"","price_type":"quantity_based","restrictions":false,"min":"0","max":"0","options":[{"label":"Extensi\u00f3n de Garantia a 2 a\u00f1os [AMP00118]","price":"25.0000","price_type":"quantity_based","image":0,"visibility":true}]}},"_links":{"self":[{"href":"https:\/\/digamac.com\/pt-pt\/wp-json\/wp\/v2\/product\/14777","targetHints":{"allow":["GET"]}}],"collection":[{"href":"https:\/\/digamac.com\/pt-pt\/wp-json\/wp\/v2\/product"}],"about":[{"href":"https:\/\/digamac.com\/pt-pt\/wp-json\/wp\/v2\/types\/product"}],"wp:featuredmedia":[{"embeddable":true,"href":"https:\/\/digamac.com\/pt-pt\/wp-json\/wp\/v2\/media\/14766"}],"wp:attachment":[{"href":"https:\/\/digamac.com\/pt-pt\/wp-json\/wp\/v2\/media?parent=14777"}],"wp:term":[{"taxonomy":"product_brand","embeddable":true,"href":"https:\/\/digamac.com\/pt-pt\/wp-json\/wp\/v2\/product_brand?post=14777"},{"taxonomy":"product_cat","embeddable":true,"href":"https:\/\/digamac.com\/pt-pt\/wp-json\/wp\/v2\/product_cat?post=14777"},{"taxonomy":"product_tag","embeddable":true,"href":"https:\/\/digamac.com\/pt-pt\/wp-json\/wp\/v2\/product_tag?post=14777"}],"curies":[{"name":"wp","href":"https:\/\/api.w.org\/{rel}","templated":true}]}}