{"id":14870,"date":"2025-03-12T17:28:00","date_gmt":"2025-03-12T16:28:03","guid":{"rendered":"https:\/\/digamac.com\/tienda\/sem%20categoria\/apple-macbook-air-101-impecable-133-recondicionado-m1-32ghz-16-gb-ram-256-gb-ssd-m2-2560x1600-pt-13298\/"},"modified":"2025-03-18T13:26:11","modified_gmt":"2025-03-18T12:26:11","slug":"apple-macbook-air-101-impecable-133-recondicionado-m1-32ghz-16-gb-ram-256-gb-ssd-m2-2560x1600-pt-13298","status":"publish","type":"product","link":"https:\/\/digamac.com\/pt-pt\/loja\/macbook-air-pt\/apple-macbook-air-101-impecable-133-recondicionado-m1-32ghz-16-gb-ram-256-gb-ssd-m2-2560x1600-pt-13298\/","title":{"rendered":"Apple MacBook Air 10,1-Impecable 13.3&#8221; | Recondicionado | M1 3.2GHz | 16 GB RAM | 256 GB SSD M2 2560&#215;1600"},"content":{"rendered":"<p><strong>Processador<\/strong><br \/>Apple M1 3.2 GHz.<br \/><strong>Mem\u00f3ria RAM<\/strong><br \/>16 Gb. SO-DDR4 RAM<br \/><strong>Disco r\u00edgido<\/strong><br \/>256 Gb. SSD M2<br \/><strong>Cart\u00f5es<\/strong><br \/>Placa gr\u00e1fica: Apple G13G<br \/>Som: HD Audio<br \/><strong>Sistema operativo<\/strong><br \/>macOS Sequoia<br \/><strong>Portos<\/strong><br \/>2x USB-C<br \/><strong>Tela<\/strong><br \/>Retina 13.3 &#8221; 2K 16:9  \u00b7 Resolu\u00e7\u00e3o 2560&#215;1600<br \/><strong>Multim\u00eddia<\/strong><br \/>Webcam<br \/><strong>Conectividade<\/strong><br \/>WIFI<br \/>Bluetooth<br \/><strong>Espec\u00edfico laptop<\/strong><br \/>Layout do teclado Internacional (adesivos espanhol)<br \/><strong>Outros<\/strong><br \/>hR embalagens<br \/><strong>Dimens\u00f5es<\/strong><br \/>30.4&#215;21.2&#215;1.6 cm.<br \/><strong>Peso<\/strong><br \/>1.30 Kg.<br \/><strong>Especifica\u00e7\u00f5es adicionais<\/strong><br \/>O MacBook Air 13&#8243; A2337 (2020) Silver \u00e9 a prova de que a pot\u00eancia n\u00e3o tem de o pesar. Equipado com o revolucion\u00e1rio chip Apple M1, este port\u00e1til voa a 3,2 GHz e deixa para tr\u00e1s as limita\u00e7\u00f5es dos processadores tradicionais. R\u00e1pido, eficiente e silencioso, oferece um desempenho brutal com um consumo m\u00ednimo de energia, o que se traduz numa autonomia que suporta o ritmo do seu dia sem suar a camisa.<br \/>Com 16 GB de RAM, realizar multitarefas \u00e9 uma brincadeira de crian\u00e7as: abrir separadores, editar fotografias, renderizar v\u00eddeos ou trabalhar com v\u00e1rias aplica\u00e7\u00f5es ao mesmo tempo sem que o sistema vacile. O SSD M.2 de 256GB faz com que tudo carregue num \u00e1pice, sem esperar ou abrandar.<br \/>Mas o que realmente hipnotiza \u00e9 o seu ecr\u00e3 Retina de 13,3&#8243; com resolu\u00e7\u00e3o 2K (2560&#215;1600). Cores vivas, pretos profundos e uma nitidez que d\u00e1 vida a cada imagem. Videochamadas? A webcam integrada garante que \u00e9 sempre visto com a melhor qualidade, seja em reuni\u00f5es de trabalho ou em telefonemas com amigos.<br \/>E, claro, com o macOS Sequoia, tudo flui como seda, com uma integra\u00e7\u00e3o perfeita com o ecossistema Apple. Design elegante, pot\u00eancia de n\u00edvel superior e portabilidade que o acompanha onde quer que v\u00e1.<br \/>O MacBook Air A2337 (2020) n\u00e3o \u00e9 apenas um port\u00e1til, \u00e9 a defini\u00e7\u00e3o de liberdade: sem cabos, sem esperas, sem limites.<br \/>Apar\u00eancia exterior impec\u00e1vel. Pesquise em \u201c+ Fotos\u201d e caso tenha alguma d\u00favida ligue ou utilize o nosso chat para mais informa\u00e7\u00f5es ou para solicitar mais detalhes.<br \/><strong>Coment\u00e1rios<\/strong><br \/><u>Modelo A2337 (2020) &#8211; Silver<\/u><\/p>\n","protected":false},"excerpt":{"rendered":"<p>Apple M1 3.2 GHz. \u00b7 16 Gb. SO-DDR4 RAM \u00b7 256 Gb. SSD M2 \u00b7 macOS Sequoia \u00b7 Retina 13.3 &#8221; 2K 16:9  \u00b7 Resolu\u00e7\u00e3o 2560&#215;1600 \u00b7 Webcam \u00b7 <u>Modelo A2337 (2020) &#8211; Silver<\/u> [&#8230;]<\/p>\n<p><a class=\"btn btn-secondary understrap-read-more-link\" href=\"https:\/\/digamac.com\/pt-pt\/loja\/macbook-air-pt\/apple-macbook-air-101-impecable-133-recondicionado-m1-32ghz-16-gb-ram-256-gb-ssd-m2-2560x1600-pt-13298\/\">Continuar a ler&#8230;<span class=\"screen-reader-text\"> from Apple MacBook Air 10,1-Impecable 13.3&#8221; | Recondicionado | M1 3.2GHz | 16 GB RAM | 256 GB SSD M2 2560&#215;1600<\/span><\/a><\/p>\n","protected":false},"featured_media":14863,"template":"","meta":[],"product_brand":[3122],"product_cat":[3060],"product_tag":[],"class_list":{"0":"post-14870","1":"product","2":"type-product","3":"status-publish","4":"has-post-thumbnail","6":"product_brand-apple","7":"product_cat-macbook-air-pt","9":"first","10":"outofstock","11":"taxable","12":"shipping-taxable","13":"purchasable","14":"product-type-simple"},"exclude_global_add_ons":true,"addons":{"keyboard-iso-upgrades":{"name":"Selecione idioma teclado","type":"multiple_choice","position":0,"required":false,"title_format":"heading","default":"","description_enable":false,"description":"","placeholder_enable":false,"placeholder":"","display":"radiobutton","restrictions_type":"any_text","adjust_price":false,"price":"","price_type":"quantity_based","restrictions":false,"min":"0","max":"0","options":[{"label":"Pegatinas Espanhol [AMP00082]","price":"0.0000","price_type":"quantity_based","image":0,"visibility":true},{"label":"Pegatinas Franc\u00e9s [AMP00084]","price":"0.0000","price_type":"quantity_based","image":0,"visibility":true},{"label":"Pegatinas Portugues [AMP00083]","price":"0.0000","price_type":"quantity_based","image":0,"visibility":true}]},"mouse-upgrades":{"name":"Extens\u00e3o rato","type":"multiple_choice","position":0,"required":false,"title_format":"heading","default":"","description_enable":false,"description":"","placeholder_enable":false,"placeholder":"","display":"radiobutton","restrictions_type":"any_text","adjust_price":false,"price":"","price_type":"quantity_based","restrictions":false,"min":"0","max":"0","options":[{"label":"Apple Magic Mouse 2 (A1657) [AMP00060]","price":"60.0000","price_type":"quantity_based","image":0,"visibility":true}]}},"_links":{"self":[{"href":"https:\/\/digamac.com\/pt-pt\/wp-json\/wp\/v2\/product\/14870","targetHints":{"allow":["GET"]}}],"collection":[{"href":"https:\/\/digamac.com\/pt-pt\/wp-json\/wp\/v2\/product"}],"about":[{"href":"https:\/\/digamac.com\/pt-pt\/wp-json\/wp\/v2\/types\/product"}],"wp:featuredmedia":[{"embeddable":true,"href":"https:\/\/digamac.com\/pt-pt\/wp-json\/wp\/v2\/media\/14863"}],"wp:attachment":[{"href":"https:\/\/digamac.com\/pt-pt\/wp-json\/wp\/v2\/media?parent=14870"}],"wp:term":[{"taxonomy":"product_brand","embeddable":true,"href":"https:\/\/digamac.com\/pt-pt\/wp-json\/wp\/v2\/product_brand?post=14870"},{"taxonomy":"product_cat","embeddable":true,"href":"https:\/\/digamac.com\/pt-pt\/wp-json\/wp\/v2\/product_cat?post=14870"},{"taxonomy":"product_tag","embeddable":true,"href":"https:\/\/digamac.com\/pt-pt\/wp-json\/wp\/v2\/product_tag?post=14870"}],"curies":[{"name":"wp","href":"https:\/\/api.w.org\/{rel}","templated":true}]}}