{"id":14950,"date":"2025-03-18T12:04:39","date_gmt":"2025-03-18T11:04:42","guid":{"rendered":"https:\/\/digamac.com\/tienda\/sem%20categoria\/apple-imac-142-27-a1419-aio-tara-core-i5-32ghz-16-gb-ram-251-gb-ssd-pt-8124\/"},"modified":"2025-03-18T12:51:06","modified_gmt":"2025-03-18T11:51:06","slug":"apple-imac-142-27-a1419-aio-tara-core-i5-32ghz-16-gb-ram-251-gb-ssd-pt-8124","status":"publish","type":"product","link":"https:\/\/digamac.com\/pt-pt\/loja\/com-taras-pt\/apple-imac-142-27-a1419-aio-tara-core-i5-32ghz-16-gb-ram-251-gb-ssd-pt-8124\/","title":{"rendered":"Apple iMac 14,2 &#8211;  27&#8243; A1419 AIO | Tara  | Core i5 3.2GHz | 16 GB RAM | 251 GB SSD"},"content":{"rendered":"<p><strong>Processador<\/strong><br \/>Intel Core i5 4570 3.2 GHz.<br \/><strong>Fator de forma<\/strong><br \/>AIO<br \/><strong>Mem\u00f3ria RAM<\/strong><br \/>16 Gb. SO-DDR3 RAM<br \/><strong>Disco r\u00edgido<\/strong><br \/>251 Gb. SSD<br \/><strong>Cart\u00f5es<\/strong><br \/>Placa gr\u00e1fica: Nvidea GeForce GTX775M<br \/>Som: HD Audio<br \/>Network: Ethernet Gigabit<br \/><strong>Sistema operativo<\/strong><br \/>macOS Catalina<br \/><strong>Portos<\/strong><br \/>2x Thunderbolt<br \/>4x USB 3.0<br \/><strong>Tela<\/strong><br \/>Led 27 &#8221; 2K 16:9  \u00b7 Resolu\u00e7\u00e3o 2560&#215;1440<br \/><strong>Multim\u00eddia<\/strong><br \/>Webcam<br \/>Leitor SD<br \/><strong>Conectividade<\/strong><br \/>RJ-45<br \/>WIFI<br \/>Bluetooth<br \/><strong>Dimens\u00f5es<\/strong><br \/>51.6x65x20.3 cm.<br \/><strong>Peso<\/strong><br \/>9.54 Kg.<br \/><strong>Coment\u00e1rios<\/strong><br \/><u>Pequenas quebras localizadas no vidro da moldura exterior do ecr\u00e3. S\u00e3o 2 quebras muito pequenas que n\u00e3o afetam em nada a vis\u00e3o do ecr\u00e3. \u00c9 uma quest\u00e3o puramente est\u00e9tica. As restantes funcionalidades do equipamento est\u00e3o boas. Pesquise em \u201c+ Fotos\u201d e caso tenha alguma d\u00favida ligue ou utilize o nosso chat para mais informa\u00e7\u00f5es ou para solicitar mais detalhes.<\/u><\/p>\n","protected":false},"excerpt":{"rendered":"<p>Intel Core i5 4570 3.2 GHz. \u00b7 16 Gb. SO-DDR3 RAM \u00b7<u>Ligeiras quebras no vidro do ecr\u00e3 (Veja em &#8220;+ Fotos&#8221;)<\/u> [&#8230;]<\/p>\n<p><a class=\"btn btn-secondary understrap-read-more-link\" href=\"https:\/\/digamac.com\/pt-pt\/loja\/com-taras-pt\/apple-imac-142-27-a1419-aio-tara-core-i5-32ghz-16-gb-ram-251-gb-ssd-pt-8124\/\">Continuar a ler&#8230;<span class=\"screen-reader-text\"> from Apple iMac 14,2 &#8211;  27&#8243; A1419 AIO | Tara  | Core i5 3.2GHz | 16 GB RAM | 251 GB SSD<\/span><\/a><\/p>\n","protected":false},"featured_media":14945,"template":"","meta":[],"product_brand":[3122],"product_cat":[154],"product_tag":[],"class_list":{"0":"post-14950","1":"product","2":"type-product","3":"status-publish","4":"has-post-thumbnail","6":"product_brand-apple","7":"product_cat-com-taras-pt","9":"first","10":"outofstock","11":"taxable","12":"shipping-taxable","13":"purchasable","14":"product-type-simple"},"exclude_global_add_ons":true,"addons":{"mouse-upgrades":{"name":"Extens\u00e3o rato","type":"multiple_choice","position":0,"required":false,"title_format":"heading","default":"","description_enable":false,"description":"","placeholder_enable":false,"placeholder":"","display":"radiobutton","restrictions_type":"any_text","adjust_price":false,"price":"","price_type":"quantity_based","restrictions":false,"min":"0","max":"0","options":[{"label":"Apple Magic Mouse 2 (A1657) [AMP00060]","price":"60.0000","price_type":"quantity_based","image":0,"visibility":true}]}},"_links":{"self":[{"href":"https:\/\/digamac.com\/pt-pt\/wp-json\/wp\/v2\/product\/14950","targetHints":{"allow":["GET"]}}],"collection":[{"href":"https:\/\/digamac.com\/pt-pt\/wp-json\/wp\/v2\/product"}],"about":[{"href":"https:\/\/digamac.com\/pt-pt\/wp-json\/wp\/v2\/types\/product"}],"wp:featuredmedia":[{"embeddable":true,"href":"https:\/\/digamac.com\/pt-pt\/wp-json\/wp\/v2\/media\/14945"}],"wp:attachment":[{"href":"https:\/\/digamac.com\/pt-pt\/wp-json\/wp\/v2\/media?parent=14950"}],"wp:term":[{"taxonomy":"product_brand","embeddable":true,"href":"https:\/\/digamac.com\/pt-pt\/wp-json\/wp\/v2\/product_brand?post=14950"},{"taxonomy":"product_cat","embeddable":true,"href":"https:\/\/digamac.com\/pt-pt\/wp-json\/wp\/v2\/product_cat?post=14950"},{"taxonomy":"product_tag","embeddable":true,"href":"https:\/\/digamac.com\/pt-pt\/wp-json\/wp\/v2\/product_tag?post=14950"}],"curies":[{"name":"wp","href":"https:\/\/api.w.org\/{rel}","templated":true}]}}