{"id":15066,"date":"2025-04-09T11:09:49","date_gmt":"2025-04-09T10:09:50","guid":{"rendered":"https:\/\/digamac.com\/tienda\/sem categoria\/lg-24md4kl-24-ips-169-recondicionado-3480x2160-pt-13448\/"},"modified":"2025-04-09T11:09:50","modified_gmt":"2025-04-09T10:09:50","slug":"lg-24md4kl-24-ips-169-recondicionado-3480x2160-pt-13448","status":"publish","type":"product","link":"https:\/\/digamac.com\/pt-pt\/loja\/sem-categoria-pt\/lg-24md4kl-24-ips-169-recondicionado-3480x2160-pt-13448\/","title":{"rendered":"LG 24MD4KL 24&#8221; IPS 16:9 | Recondicionado | 3480&#215;2160"},"content":{"rendered":"<p><strong>Tela<\/strong><br \/>IPS 24 &#8221; 4K com Alto-falantes \u00b7  16:9  \u00b7 Resolu\u00e7\u00e3o 3480&#215;2160<br \/>Resposta 14 ms<br \/>Contraste 1200:1<br \/>Brilho 540 cd\/m2<br \/>\u00c2ngulo vis\u00e3o 178\u00b0v\/178\u00b0h<br \/><strong>Espec\u00edfico tela<\/strong><br \/>Apoio VESA<br \/>Pedestal<br \/>Regul\u00e1vel em altura<br \/><strong>Outros<\/strong><br \/>hR embalagens<br \/><strong>Dimens\u00f5es<\/strong><br \/>55x33x6 cm.<br \/><strong>Peso<\/strong><br \/>5.00 Kg.<br \/><strong>Especifica\u00e7\u00f5es adicionais<\/strong><br \/>A LG 24MD4KL \u00e9 a ferramenta ideal para os criativos que necessitam de uma imagem irrepreens\u00edvel em cada projeto. Com um ecr\u00e3 IPS de 24 polegadas e resolu\u00e7\u00e3o 4K real (3840&#215;2160), oferece uma qualidade visual excepcional, com cores precisas, um alto brilho de 540 cd\/m\u00b2 e um contraste n\u00edtido de 1200:1. Concebido especificamente para ambientes profissionais, garante a fidelidade de cores e detalhes em cada pixel.<br \/>Gra\u00e7as \u00e0s suas duas portas Thunderbolt 3, liga-se perfeitamente aos dispositivos Apple, permitindo v\u00eddeo, dados e carregamento atrav\u00e9s de um \u00fanico cabo. O seu design minimalista adapta-se a qualquer est\u00fadio moderno, enquanto os altifalantes integrados oferecem praticidade sem comprometer a est\u00e9tica.<br \/>O LG 24MD4KL n\u00e3o \u00e9 apenas um monitor 4K, \u00e9 uma solu\u00e7\u00e3o completa para quem transforma o seu ecr\u00e3 numa ferramenta criativa de precis\u00e3o.<br \/>Boa apar\u00eancia exterior. Caso tenha alguma d\u00favida, ligue-nos ou utilize o nosso chat para obter mais informa\u00e7\u00f5es ou solicitar mais detalhes.<br \/><strong>Coment\u00e1rios<\/strong><br \/><u>2xThunderbolt<\/u><\/p>\n","protected":false},"excerpt":{"rendered":"<p>IPS 24 &#8221; 4K com Alto-falantes \u00b7  16:9  \u00b7 Resolu\u00e7\u00e3o 3480&#215;2160 \u00b7 Resposta 14 ms \u00b7 Contraste 1200:1 \u00b7 Brilho 540 cd\/m2 \u00b7 \u00c2ngulo vis\u00e3o 178\u00b0v\/178\u00b0h \u00b7 <u>2xThunderbolt<\/u> [&#8230;]<\/p>\n<p><a class=\"btn btn-secondary understrap-read-more-link\" href=\"https:\/\/digamac.com\/pt-pt\/loja\/sem-categoria-pt\/lg-24md4kl-24-ips-169-recondicionado-3480x2160-pt-13448\/\">Continuar a ler&#8230;<span class=\"screen-reader-text\"> from LG 24MD4KL 24&#8221; IPS 16:9 | Recondicionado | 3480&#215;2160<\/span><\/a><\/p>\n","protected":false},"featured_media":15057,"template":"","meta":[],"product_brand":[3127],"product_cat":[3054],"product_tag":[],"class_list":{"0":"post-15066","1":"product","2":"type-product","3":"status-publish","4":"has-post-thumbnail","6":"product_brand-lg","7":"product_cat-sem-categoria-pt","9":"first","10":"outofstock","11":"taxable","12":"shipping-taxable","13":"purchasable","14":"product-type-simple"},"exclude_global_add_ons":[],"addons":[],"_links":{"self":[{"href":"https:\/\/digamac.com\/pt-pt\/wp-json\/wp\/v2\/product\/15066","targetHints":{"allow":["GET"]}}],"collection":[{"href":"https:\/\/digamac.com\/pt-pt\/wp-json\/wp\/v2\/product"}],"about":[{"href":"https:\/\/digamac.com\/pt-pt\/wp-json\/wp\/v2\/types\/product"}],"wp:featuredmedia":[{"embeddable":true,"href":"https:\/\/digamac.com\/pt-pt\/wp-json\/wp\/v2\/media\/15057"}],"wp:attachment":[{"href":"https:\/\/digamac.com\/pt-pt\/wp-json\/wp\/v2\/media?parent=15066"}],"wp:term":[{"taxonomy":"product_brand","embeddable":true,"href":"https:\/\/digamac.com\/pt-pt\/wp-json\/wp\/v2\/product_brand?post=15066"},{"taxonomy":"product_cat","embeddable":true,"href":"https:\/\/digamac.com\/pt-pt\/wp-json\/wp\/v2\/product_cat?post=15066"},{"taxonomy":"product_tag","embeddable":true,"href":"https:\/\/digamac.com\/pt-pt\/wp-json\/wp\/v2\/product_tag?post=15066"}],"curies":[{"name":"wp","href":"https:\/\/api.w.org\/{rel}","templated":true}]}}