{"id":15079,"date":"2025-04-29T11:53:02","date_gmt":"2025-04-29T10:53:05","guid":{"rendered":"https:\/\/digamac.com\/tienda\/sem categoria\/dell-p2719h-27-ips-169-recondicionado-1920x1080-pt-13538\/"},"modified":"2025-04-29T11:53:05","modified_gmt":"2025-04-29T10:53:05","slug":"dell-p2719h-27-ips-169-recondicionado-1920x1080-pt-13538","status":"publish","type":"product","link":"https:\/\/digamac.com\/pt-pt\/loja\/sem-categoria-pt\/dell-p2719h-27-ips-169-recondicionado-1920x1080-pt-13538\/","title":{"rendered":"Dell P2719H 27&#8221; IPS 16:9 | Recondicionado | 1920&#215;1080"},"content":{"rendered":"<p><strong>Tela<\/strong><br \/>IPS 27 &#8221; FullHD 16:9 \u00b7 Resolu\u00e7\u00e3o 1920&#215;1080<br \/>Dot pitch 0.248 mm<br \/>Resposta 5 ms<br \/>Contraste 1000:1<br \/>Brilho 250 cd\/m2<br \/>\u00c2ngulo vis\u00e3o 178\u00b0v\/178\u00b0h<br \/><strong>Portas de v\u00eddeo<\/strong><br \/>VGA<br \/>HDMI<br \/>Display Port<br \/><strong>Espec\u00edfico tela<\/strong><br \/>Apoio VESA<br \/>Pedestal<br \/>Regul\u00e1vel em altura<br \/><strong>Outros<\/strong><br \/>hR embalagens<br \/><strong>Dimens\u00f5es<\/strong><br \/>61&#215;39.5&#215;18.5 cm.<br \/><strong>Peso<\/strong><br \/>6.05 Kg.<br \/><strong>Especifica\u00e7\u00f5es adicionais<\/strong><br \/>O Dell P2719H \u00e9 um monitor de 27 polegadas que combina eleg\u00e2ncia, funcionalidade e desempenho visual para ambientes profissionais que exigem a m\u00e1xima produtividade. O seu painel IPS com resolu\u00e7\u00e3o Full HD 1920&#215;1080 e formato 16:9 oferece imagens n\u00edtidas, cores consistentes e amplos \u00e2ngulos de vis\u00e3o de 178\u00b0, ideal para multitarefa, edi\u00e7\u00e3o de conte\u00fados ou trabalho colaborativo. Gra\u00e7as ao seu brilho de 250 cd\/m\u00b2, \u00e0 rela\u00e7\u00e3o de contraste de 1000:1 e ao tempo de resposta de 5 ms, garante um desempenho visual suave e fi\u00e1vel durante todo o dia.Com v\u00e1rias op\u00e7\u00f5es de conectividade, incluindo VGA, HDMI, DisplayPort e um hub USB integrado (2x USB 2.0 e 2x USB 3.0), adapta-se facilmente a qualquer configura\u00e7\u00e3o de escrit\u00f3rio moderno. Al\u00e9m disso, o seu design de estrutura ultrafina e a base ergon\u00f3mica ajust\u00e1vel tornam-no uma op\u00e7\u00e3o confort\u00e1vel e elegante para longas horas em frente ao ecr\u00e3. Vem com cabos de alimenta\u00e7\u00e3o e VGA inclu\u00eddos para instala\u00e7\u00e3o imediata.Ideal para profissionais, escrit\u00f3rios e trabalho remoto, o Dell P2719H destaca-se pela sua fiabilidade, versatilidade e design pensado para maximizar a efici\u00eancia e o conforto visual, posicionando-o como uma excelente op\u00e7\u00e3o entre monitores de alta qualidade e grande formato.Boa apar\u00eancia exterior. Pode apresentar ligeiros sinais de uso na caixa. Caso tenha alguma d\u00favida, ligue-nos ou utilize o nosso chat para obter mais informa\u00e7\u00f5es ou solicitar mais detalhes.<br \/><strong>Coment\u00e1rios<\/strong><br \/><u>2xusb 2.0 \/ 2xusb 3.0 &#8211; Cabo de alimenta\u00e7\u00e3o e VGA inclu\u00eddos<\/u><\/p>\n","protected":false},"excerpt":{"rendered":"<p>IPS 27 &#8221; FullHD 16:9\u00b7 Dot pitch 0.248 mm \u00b7 Resposta 5 ms \u00b7 Contraste 1000:1 \u00b7 Brilho 250 cd\/m2\u00b7 VGA \u00b7 HDMI \u00b7 Display Port \u00b7<br \/>\n<u>2xusb 2.0 \/ 2xusb 3.0<\/u> &#8211; <u>Cabo de alimenta\u00e7\u00e3o e VGA inclu\u00eddos<br \/>\n<\/u> [&#8230;]<\/p>\n<p><a class=\"btn btn-secondary understrap-read-more-link\" href=\"https:\/\/digamac.com\/pt-pt\/loja\/sem-categoria-pt\/dell-p2719h-27-ips-169-recondicionado-1920x1080-pt-13538\/\">Continuar a ler&#8230;<span class=\"screen-reader-text\"> from Dell P2719H 27&#8221; IPS 16:9 | Recondicionado | 1920&#215;1080<\/span><\/a><\/p>\n","protected":false},"featured_media":15070,"template":"","meta":[],"product_brand":[3126],"product_cat":[3054],"product_tag":[],"class_list":{"0":"post-15079","1":"product","2":"type-product","3":"status-publish","4":"has-post-thumbnail","6":"product_brand-dell","7":"product_cat-sem-categoria-pt","9":"first","10":"outofstock","11":"taxable","12":"shipping-taxable","13":"purchasable","14":"product-type-simple"},"exclude_global_add_ons":true,"addons":{"webcam-upgrades":{"name":"Extens\u00e3o Webcam","type":"multiple_choice","position":0,"required":false,"title_format":"heading","default":"","description_enable":false,"description":"","placeholder_enable":false,"placeholder":"","display":"radiobutton","restrictions_type":"any_text","adjust_price":false,"price":"","price_type":"quantity_based","restrictions":false,"min":"0","max":"0","options":[{"label":"Conceptronic AMDIS FullHD [AMP00085]","price":"29.0000","price_type":"quantity_based","image":0,"visibility":true}]},"hdmi-upgrades":{"name":"Extens\u00e3o cabo","type":"multiple_choice","position":0,"required":false,"title_format":"heading","default":"","description_enable":false,"description":"","placeholder_enable":false,"placeholder":"","display":"radiobutton","restrictions_type":"any_text","adjust_price":false,"price":"","price_type":"quantity_based","restrictions":false,"min":"0","max":"0","options":[{"label":"Cabo HDMI 2 mts. [AMP00104]","price":"6.0000","price_type":"quantity_based","image":0,"visibility":true},{"label":"DisplayPort para cabo DisplayPort 1,8 mts. [AMP00103]","price":"8.0000","price_type":"quantity_based","image":0,"visibility":true}]}},"_links":{"self":[{"href":"https:\/\/digamac.com\/pt-pt\/wp-json\/wp\/v2\/product\/15079","targetHints":{"allow":["GET"]}}],"collection":[{"href":"https:\/\/digamac.com\/pt-pt\/wp-json\/wp\/v2\/product"}],"about":[{"href":"https:\/\/digamac.com\/pt-pt\/wp-json\/wp\/v2\/types\/product"}],"wp:featuredmedia":[{"embeddable":true,"href":"https:\/\/digamac.com\/pt-pt\/wp-json\/wp\/v2\/media\/15070"}],"wp:attachment":[{"href":"https:\/\/digamac.com\/pt-pt\/wp-json\/wp\/v2\/media?parent=15079"}],"wp:term":[{"taxonomy":"product_brand","embeddable":true,"href":"https:\/\/digamac.com\/pt-pt\/wp-json\/wp\/v2\/product_brand?post=15079"},{"taxonomy":"product_cat","embeddable":true,"href":"https:\/\/digamac.com\/pt-pt\/wp-json\/wp\/v2\/product_cat?post=15079"},{"taxonomy":"product_tag","embeddable":true,"href":"https:\/\/digamac.com\/pt-pt\/wp-json\/wp\/v2\/product_tag?post=15079"}],"curies":[{"name":"wp","href":"https:\/\/api.w.org\/{rel}","templated":true}]}}