{"id":15201,"date":"2025-05-14T10:28:45","date_gmt":"2025-05-14T09:28:45","guid":{"rendered":"https:\/\/digamac.com\/tienda\/sem%20categoria\/apple-macbook-pro-162-impecable-133-recondicionado-core-i5-2ghz-32-gb-ram-500-gb-ssd-m2-2560x1600-pt-13382\/"},"modified":"2026-02-25T16:08:45","modified_gmt":"2026-02-25T15:08:45","slug":"apple-macbook-pro-162-impecable-133-recondicionado-core-i5-2ghz-32-gb-ram-500-gb-ssd-m2-2560x1600-pt-13382","status":"publish","type":"product","link":"https:\/\/digamac.com\/pt-pt\/loja\/macbook-pro-pt\/macbook-pro-13-pt\/apple-macbook-pro-162-impecable-133-recondicionado-core-i5-2ghz-32-gb-ram-500-gb-ssd-m2-2560x1600-pt-13382\/","title":{"rendered":"Apple MacBook Pro 16,2 13.3&#8221; | Recondicionado | Core i5 2GHz | 32 GB RAM | 500 GB SSD M2 2560&#215;1600"},"content":{"rendered":"<p><strong>Processador<\/strong><br \/>Intel Core i5 1038NG7 2 GHz.<br \/><strong>Mem\u00f3ria RAM<\/strong><br \/>32 Gb. SO-DDR4 RAM<br \/><strong>Disco r\u00edgido<\/strong><br \/>500 Gb. SSD M2<br \/><strong>Cart\u00f5es<\/strong><br \/>Placa gr\u00e1fica: Intel Iris<br \/>Som: HD Audio Dolby Atmos<br \/><strong>Sistema operativo<\/strong><br \/>macOS Sequoia<br \/><strong>Portos<\/strong><br \/>4x USB-C<br \/><strong>Tela<\/strong><br \/>Retina 13.3 &#8221; 2K 16:9  \u00b7 Resolu\u00e7\u00e3o 2560&#215;1600<br \/><strong>Multim\u00eddia<\/strong><br \/>Webcam<br \/><strong>Conectividade<\/strong><br \/>WIFI<br \/>Bluetooth<br \/><strong>Espec\u00edfico laptop<\/strong><br \/>Layout do teclado Internacional (adesivos espanhol)<br \/><strong>Outros<\/strong><br \/>hR embalagens<br \/><strong>Dimens\u00f5es<\/strong><br \/>30.4&#215;21.2&#215;1.6 cm.<br \/><strong>Peso<\/strong><br \/>1.40 Kg.<br \/><strong>Especifica\u00e7\u00f5es adicionais<\/strong><br \/>Concebido para quem procura mais do que um port\u00e1til, o MacBook Pro 13,3&#8243; modelo A2251 (2020) \u00e9 uma declara\u00e7\u00e3o de inten\u00e7\u00f5es: desempenho profissional com eleg\u00e2ncia. Com o seu processador Intel Core i5 de 10\u00aa gera\u00e7\u00e3o, 32 GB de RAM e um SSD r\u00e1pido de 512 GB, este computador responde com facilidade a todo o tipo de tarefas criativas ou t\u00e9cnicas. O ecr\u00e3 Retina 2K (2560&#215;1600) n\u00e3o s\u00f3 brilha com a sua defini\u00e7\u00e3o, mas tamb\u00e9m transforma a forma como v\u00ea e trabalha. Adicione o poder da TouchBar, uma interface din\u00e2mica que se adapta a si, e o novo macOS Sequoia, pronto para explorar todo o potencial do dispositivo. Com acabamento em Cinza Espacial, s\u00f3brio e sofisticado, este port\u00e1til n\u00e3o passa despercebido. Potente, compacto e com a alma de um est\u00fadio m\u00f3vel: o MacBook Pro A2251 \u00e9 o seu aliado perfeito para estar sempre um passo \u00e0 frente.<br \/>Bom aspecto exterior. Veja &#8220;+ Fotos&#8221; e se tiver alguma d\u00favida contacte-nos ou utilize o nosso chat para mais informa\u00e7\u00f5es ou para pedir mais detalhes.<br \/><strong>Coment\u00e1rios<\/strong><br \/><u>TouchBar &#8211; Modelo A2251 (2020) &#8211; Cor de cinza espacial<\/u><\/p>\n","protected":false},"excerpt":{"rendered":"<p>Intel Core i5 1038NG7 2 GHz. \u00b7 32 Gb. SO-DDR4 RAM \u00b7 500 Gb. SSD M2 \u00b7 macOS Sequoia \u00b7 Retina 13.3 &#8221; 2K 16:9 \u00b7 Resolu\u00e7\u00e3o 2560&#215;1600 \u00b7 Webcam \u00b7<br \/>\n<strong>TouchBar<\/strong> &#8211; <u>Modelo A2251 (2020) &#8211; Cor de cinza espacial<br \/>\n<\/u> [&#8230;]<\/p>\n<p><a class=\"btn btn-secondary understrap-read-more-link\" href=\"https:\/\/digamac.com\/pt-pt\/loja\/macbook-pro-pt\/macbook-pro-13-pt\/apple-macbook-pro-162-impecable-133-recondicionado-core-i5-2ghz-32-gb-ram-500-gb-ssd-m2-2560x1600-pt-13382\/\">Continuar a ler&#8230;<span class=\"screen-reader-text\"> from Apple MacBook Pro 16,2 13.3&#8221; | Recondicionado | Core i5 2GHz | 32 GB RAM | 500 GB SSD M2 2560&#215;1600<\/span><\/a><\/p>\n","protected":false},"featured_media":15192,"template":"","meta":[],"product_brand":[3122],"product_cat":[3063,3057],"product_tag":[],"class_list":{"0":"post-15201","1":"product","2":"type-product","3":"status-publish","4":"has-post-thumbnail","6":"product_brand-apple","7":"product_cat-macbook-pro-13-pt","8":"product_cat-macbook-pro-pt","10":"first","11":"instock","12":"taxable","13":"shipping-taxable","14":"purchasable","15":"product-type-simple"},"exclude_global_add_ons":true,"addons":{"keyboard-iso-upgrades":{"name":"Selecione idioma teclado","type":"multiple_choice","position":0,"required":false,"title_format":"heading","default":"","description_enable":false,"description":"","placeholder_enable":false,"placeholder":"","display":"radiobutton","restrictions_type":"any_text","adjust_price":false,"price":"","price_type":"quantity_based","restrictions":false,"min":"0","max":"0","options":[{"label":"Pegatinas Espanhol [AMP00082]","price":"0.0000","price_type":"quantity_based","image":0,"visibility":true},{"label":"Pegatinas Franc\u00e9s [AMP00084]","price":"0.0000","price_type":"quantity_based","image":0,"visibility":true},{"label":"Pegatinas Portugues [AMP00083]","price":"0.0000","price_type":"quantity_based","image":0,"visibility":true}]},"mouse-upgrades":{"name":"Extens\u00e3o rato","type":"multiple_choice","position":0,"required":false,"title_format":"heading","default":"","description_enable":false,"description":"","placeholder_enable":false,"placeholder":"","display":"radiobutton","restrictions_type":"any_text","adjust_price":false,"price":"","price_type":"quantity_based","restrictions":false,"min":"0","max":"0","options":[{"label":"Apple Magic Mouse 2 (A1657) [AMP00060]","price":"60.0000","price_type":"quantity_based","image":0,"visibility":true}]}},"_links":{"self":[{"href":"https:\/\/digamac.com\/pt-pt\/wp-json\/wp\/v2\/product\/15201","targetHints":{"allow":["GET"]}}],"collection":[{"href":"https:\/\/digamac.com\/pt-pt\/wp-json\/wp\/v2\/product"}],"about":[{"href":"https:\/\/digamac.com\/pt-pt\/wp-json\/wp\/v2\/types\/product"}],"wp:featuredmedia":[{"embeddable":true,"href":"https:\/\/digamac.com\/pt-pt\/wp-json\/wp\/v2\/media\/15192"}],"wp:attachment":[{"href":"https:\/\/digamac.com\/pt-pt\/wp-json\/wp\/v2\/media?parent=15201"}],"wp:term":[{"taxonomy":"product_brand","embeddable":true,"href":"https:\/\/digamac.com\/pt-pt\/wp-json\/wp\/v2\/product_brand?post=15201"},{"taxonomy":"product_cat","embeddable":true,"href":"https:\/\/digamac.com\/pt-pt\/wp-json\/wp\/v2\/product_cat?post=15201"},{"taxonomy":"product_tag","embeddable":true,"href":"https:\/\/digamac.com\/pt-pt\/wp-json\/wp\/v2\/product_tag?post=15201"}],"curies":[{"name":"wp","href":"https:\/\/api.w.org\/{rel}","templated":true}]}}