{"id":15282,"date":"2025-05-19T15:55:52","date_gmt":"2025-05-19T14:55:53","guid":{"rendered":"https:\/\/digamac.com\/tienda\/sem categoria\/telefone-celular-apple-iphone-xr-black-recondicionado-pt-13326\/"},"modified":"2025-05-19T15:55:53","modified_gmt":"2025-05-19T14:55:53","slug":"telefone-celular-apple-iphone-xr-black-recondicionado-pt-13326","status":"publish","type":"product","link":"https:\/\/digamac.com\/pt-pt\/loja\/iphone-pt\/telefone-celular-apple-iphone-xr-black-recondicionado-pt-13326\/","title":{"rendered":"Telefone celular Apple iPhone XR Black | Recondicionado"},"content":{"rendered":"<p><strong>Processador:<\/strong><br \/>Apple A12 Bionic Chip Neural Engine 2Gen<br \/><strong>Mem\u00f3ria:<\/strong><br \/>3 GB de RAM<br \/><strong>Armazenar:<\/strong><br \/>Mem\u00f3ria Flash de 64 GB<br \/><strong>Ecr\u00e3:<\/strong><br \/>RetinaHD. LCD IPS multitoque de 6,1&#8243;<br \/><strong>ID facial:<\/strong><br \/>Reconhecimento facial utilizando a c\u00e2mara TrueDepth<br \/><strong>C\u00e2mara:<\/strong><br \/>C\u00e2mara de 12 Mpx. Grava\u00e7\u00e3o de v\u00eddeo 4K<br \/><strong>C\u00e2mara TrueDepth:<\/strong><br \/>C\u00e2mara de 7 Mpx<br \/>Conectividade:<br \/>Wi-Fi, Bluetooth, 4G, GPS<br \/><strong>Modelo:<\/strong><br \/>Modelo A2105 (2018)<br \/><strong>Sistema operativo:<\/strong><br \/>iOS 16.5.1<br \/><strong>Cor:<\/strong><br \/>Preto<br \/><strong>Dimens\u00f5es:<\/strong><br \/>15,09 cm x 7,57 cm &#8211; 0,83 cm<br \/><strong>Peso:<\/strong><br \/>194 gramas.<br \/><strong>Outros:<\/strong><br \/>Inclui cabo rel\u00e2mpago<\/p>\n","protected":false},"excerpt":{"rendered":"<p>Chip Apple A12 Bionic. Neural Engine 2Gen &#8211; 3 Gb. RAM &#8211; 64 Gb. Flash &#8211; Retina Multi-Touch de 6,1&#8243; &#8211; C\u00e2mara de 12 Mpx e grava\u00e7\u00e3o 4K &#8211; C\u00e2mara TrueDepth &#8211; Wi-Fi &#8211; Bluetooth &#8211; 4G &#8211; GPS &#8211; Modelo A2105 (2018) &#8211; iOS 16.5.1 &#8211; Preto [&#8230;]<\/p>\n<p><a class=\"btn btn-secondary understrap-read-more-link\" href=\"https:\/\/digamac.com\/pt-pt\/loja\/iphone-pt\/telefone-celular-apple-iphone-xr-black-recondicionado-pt-13326\/\">Continuar a ler&#8230;<span class=\"screen-reader-text\"> from Telefone celular Apple iPhone XR Black | Recondicionado<\/span><\/a><\/p>\n","protected":false},"featured_media":15279,"template":"","meta":[],"product_brand":[3122],"product_cat":[3081],"product_tag":[],"class_list":{"0":"post-15282","1":"product","2":"type-product","3":"status-publish","4":"has-post-thumbnail","6":"product_brand-apple","7":"product_cat-iphone-pt","9":"first","10":"outofstock","11":"taxable","12":"shipping-taxable","13":"purchasable","14":"product-type-simple"},"exclude_global_add_ons":[],"addons":[],"_links":{"self":[{"href":"https:\/\/digamac.com\/pt-pt\/wp-json\/wp\/v2\/product\/15282","targetHints":{"allow":["GET"]}}],"collection":[{"href":"https:\/\/digamac.com\/pt-pt\/wp-json\/wp\/v2\/product"}],"about":[{"href":"https:\/\/digamac.com\/pt-pt\/wp-json\/wp\/v2\/types\/product"}],"wp:featuredmedia":[{"embeddable":true,"href":"https:\/\/digamac.com\/pt-pt\/wp-json\/wp\/v2\/media\/15279"}],"wp:attachment":[{"href":"https:\/\/digamac.com\/pt-pt\/wp-json\/wp\/v2\/media?parent=15282"}],"wp:term":[{"taxonomy":"product_brand","embeddable":true,"href":"https:\/\/digamac.com\/pt-pt\/wp-json\/wp\/v2\/product_brand?post=15282"},{"taxonomy":"product_cat","embeddable":true,"href":"https:\/\/digamac.com\/pt-pt\/wp-json\/wp\/v2\/product_cat?post=15282"},{"taxonomy":"product_tag","embeddable":true,"href":"https:\/\/digamac.com\/pt-pt\/wp-json\/wp\/v2\/product_tag?post=15282"}],"curies":[{"name":"wp","href":"https:\/\/api.w.org\/{rel}","templated":true}]}}