{"id":15308,"date":"2025-06-09T12:06:41","date_gmt":"2025-06-09T11:06:43","guid":{"rendered":"https:\/\/digamac.com\/tienda\/sem categoria\/apple-mac-mini-81-impecable-recondicionado-core-i5-3ghz-16-gb-ram-256-gb-ssd-m2-pt-13671\/"},"modified":"2025-06-09T12:06:43","modified_gmt":"2025-06-09T11:06:43","slug":"apple-mac-mini-81-impecable-recondicionado-core-i5-3ghz-16-gb-ram-256-gb-ssd-m2-pt-13671","status":"publish","type":"product","link":"https:\/\/digamac.com\/pt-pt\/loja\/mac-mini-pt\/apple-mac-mini-81-impecable-recondicionado-core-i5-3ghz-16-gb-ram-256-gb-ssd-m2-pt-13671\/","title":{"rendered":"Apple Mac Mini 8,1-Impecable | Recondicionado | Core i5 3GHz | 16 GB RAM | 256 GB SSD M2"},"content":{"rendered":"<p><strong>Processador<\/strong><br \/>Intel Core i5 8500B 3 GHz.<br \/><strong>Mem\u00f3ria RAM<\/strong><br \/>16 Gb. SO-DDR4 RAM<br \/><strong>Disco r\u00edgido<\/strong><br \/>256 Gb. SSD M2<br \/><strong>Cart\u00f5es<\/strong><br \/>Placa gr\u00e1fica: Intel UHD Graphics 630<br \/>Som: HD Audio<br \/>Network: Gigabit Ethernet<br \/><strong>Sistema operativo<\/strong><br \/>macOS Sequoia<br \/><strong>Portos<\/strong><br \/>2x USB 3.0<br \/>4x USB-C<br \/><strong>Portas de v\u00eddeo<\/strong><br \/>HDMI<br \/><strong>Conectividade<\/strong><br \/>RJ-45<br \/>WIFI<br \/>Bluetooth<br \/><strong>Outros<\/strong><br \/>hR embalagens<br \/><strong>Dimens\u00f5es<\/strong><br \/>20x20x3.6 cm.<br \/><strong>Peso<\/strong><br \/>1.30 Kg.<br \/><strong>Especifica\u00e7\u00f5es adicionais<\/strong><br \/>Se procura um computador Apple compacto com a alma de uma esta\u00e7\u00e3o de trabalho, o Mac mini 8.1 com um processador Intel Core i5 de seis n\u00facleos e 3,0 GHz \u00e9 o tipo de m\u00e1quina que impressiona desde o primeiro arranque. A sua caixa de alum\u00ednio anodizado n\u00e3o \u00e9 apenas elegante: esconde uma pot\u00eancia que muitos propriet\u00e1rios de desktops em torre cobi\u00e7ariam. Com 16 GB de mem\u00f3ria DDR4 e um SSD M. 2 de 256 GB, este Mac mini arranca em segundos, mant\u00e9m dezenas de separadores abertos e edita conte\u00fados como nenhum outro. Tudo isto com o novo macOS Sequoia instalado, pronto para as aplica\u00e7\u00f5es mais recentes e com o suporte da fiabilidade da Apple.<br \/>Gra\u00e7as \u00e0 sua conectividade Thunderbolt 3, USB 3.0, HDMI e Gigabit Ethernet, \u00e9 t\u00e3o f\u00e1cil integr\u00e1-lo num est\u00fadio criativo como transform\u00e1-lo no c\u00e9rebro de um escrit\u00f3rio moderno. Seja para design gr\u00e1fico, edi\u00e7\u00e3o de v\u00eddeo, produ\u00e7\u00e3o musical ou simplesmente como uma central multim\u00e9dia silenciosa e elegante, o Mac mini A1993 continua a ser uma escolha vencedora. E o melhor: o tamanho cabe numa m\u00e3o, mas o desempenho deixa a sua marca. Apar\u00eancia exterior impec\u00e1vel. Se tiver alguma d\u00favida, ligue-nos ou utilize o nosso chat para obter mais informa\u00e7\u00f5es ou solicitar mais detalhes.<br \/><strong>Coment\u00e1rios<\/strong><br \/><u>Modelo A1993 (2018)<\/u><\/p>\n","protected":false},"excerpt":{"rendered":"<p>Intel Core i5 8500B 3 GHz. \u00b7 16 Gb. SO-DDR4 RAM \u00b7 256 Gb. SSD M2 \u00b7 macOS Sequoia \u00b7 <u>Modelo A1993 (2018)<\/u> [&#8230;]<\/p>\n<p><a class=\"btn btn-secondary understrap-read-more-link\" href=\"https:\/\/digamac.com\/pt-pt\/loja\/mac-mini-pt\/apple-mac-mini-81-impecable-recondicionado-core-i5-3ghz-16-gb-ram-256-gb-ssd-m2-pt-13671\/\">Continuar a ler&#8230;<span class=\"screen-reader-text\"> from Apple Mac Mini 8,1-Impecable | Recondicionado | Core i5 3GHz | 16 GB RAM | 256 GB SSD M2<\/span><\/a><\/p>\n","protected":false},"featured_media":15301,"template":"","meta":[],"product_brand":[3122],"product_cat":[2507],"product_tag":[],"class_list":{"0":"post-15308","1":"product","2":"type-product","3":"status-publish","4":"has-post-thumbnail","6":"product_brand-apple","7":"product_cat-mac-mini-pt","9":"first","10":"outofstock","11":"taxable","12":"shipping-taxable","13":"purchasable","14":"product-type-simple"},"exclude_global_add_ons":true,"addons":{"mouse-upgrades":{"name":"Extens\u00e3o rato","type":"multiple_choice","position":0,"required":false,"title_format":"heading","default":"","description_enable":false,"description":"","placeholder_enable":false,"placeholder":"","display":"radiobutton","restrictions_type":"any_text","adjust_price":false,"price":"","price_type":"quantity_based","restrictions":false,"min":"0","max":"0","options":[{"label":"Apple Magic Mouse 2 (A1657) [AMP00060]","price":"60.0000","price_type":"quantity_based","image":0,"visibility":true}]},"ram-memory-upgrades":{"name":"Extens\u00e3o RAM","type":"multiple_choice","position":0,"required":false,"title_format":"heading","default":"","description_enable":false,"description":"","placeholder_enable":false,"placeholder":"","display":"radiobutton","restrictions_type":"any_text","adjust_price":false,"price":"","price_type":"quantity_based","restrictions":false,"min":"0","max":"0","options":[{"label":"Extens\u00e3o SODIM RAM 32 Gb [AMP00098]","price":"70.0000","price_type":"quantity_based","image":0,"visibility":true}]},"os-upgrades":{"name":"Extens\u00e3o OS","type":"multiple_choice","position":0,"required":false,"title_format":"heading","default":"","description_enable":false,"description":"","placeholder_enable":false,"placeholder":"","display":"radiobutton","restrictions_type":"any_text","adjust_price":false,"price":"","price_type":"quantity_based","restrictions":false,"min":"0","max":"0","options":[{"label":"Alterar idioma para franc\u00eas [AMP00125]","price":"0.0000","price_type":"quantity_based","image":0,"visibility":true},{"label":"Alterar idioma para ingl\u00eas [AMP00008]","price":"0.0000","price_type":"quantity_based","image":0,"visibility":true},{"label":"Alterar idioma para o portugu\u00eas [AMP00009]","price":"0.0000","price_type":"quantity_based","image":0,"visibility":true}]}},"_links":{"self":[{"href":"https:\/\/digamac.com\/pt-pt\/wp-json\/wp\/v2\/product\/15308","targetHints":{"allow":["GET"]}}],"collection":[{"href":"https:\/\/digamac.com\/pt-pt\/wp-json\/wp\/v2\/product"}],"about":[{"href":"https:\/\/digamac.com\/pt-pt\/wp-json\/wp\/v2\/types\/product"}],"wp:featuredmedia":[{"embeddable":true,"href":"https:\/\/digamac.com\/pt-pt\/wp-json\/wp\/v2\/media\/15301"}],"wp:attachment":[{"href":"https:\/\/digamac.com\/pt-pt\/wp-json\/wp\/v2\/media?parent=15308"}],"wp:term":[{"taxonomy":"product_brand","embeddable":true,"href":"https:\/\/digamac.com\/pt-pt\/wp-json\/wp\/v2\/product_brand?post=15308"},{"taxonomy":"product_cat","embeddable":true,"href":"https:\/\/digamac.com\/pt-pt\/wp-json\/wp\/v2\/product_cat?post=15308"},{"taxonomy":"product_tag","embeddable":true,"href":"https:\/\/digamac.com\/pt-pt\/wp-json\/wp\/v2\/product_tag?post=15308"}],"curies":[{"name":"wp","href":"https:\/\/api.w.org\/{rel}","templated":true}]}}