{"id":15749,"date":"2025-10-08T08:53:32","date_gmt":"2025-10-08T07:53:32","guid":{"rendered":"https:\/\/digamac.com\/tienda\/sem categoria\/apple-macbook-pro-141-133-recondicionado-core-i5-23ghz-16-gb-ram-256-gb-ssd-m2-2560x1600-pt-14144\/"},"modified":"2025-10-08T08:53:34","modified_gmt":"2025-10-08T07:53:34","slug":"apple-macbook-pro-141-133-recondicionado-core-i5-23ghz-16-gb-ram-256-gb-ssd-m2-2560x1600-pt-14144","status":"publish","type":"product","link":"https:\/\/digamac.com\/pt-pt\/loja\/macbook-pro-pt\/macbook-pro-13-pt\/apple-macbook-pro-141-133-recondicionado-core-i5-23ghz-16-gb-ram-256-gb-ssd-m2-2560x1600-pt-14144\/","title":{"rendered":"Apple MacBook Pro 14,1 13.3&#8221; | Recondicionado | Core i5 2.3GHz | 16 GB RAM | 256 GB SSD M2 2560&#215;1600"},"content":{"rendered":"<p><strong>Processador<\/strong><br \/>Intel Core i5 7360U 2.3 GHz.<br \/><strong>Mem\u00f3ria RAM<\/strong><br \/>16 Gb. SO-DDR3 RAM<br \/><strong>Disco r\u00edgido<\/strong><br \/>256 Gb. SSD M2<br \/><strong>Cart\u00f5es<\/strong><br \/>Placa gr\u00e1fica: Iris Plus Graphics 640<br \/>Som: HD Audio<br \/><strong>Sistema operativo<\/strong><br \/>macOS Ventura<br \/><strong>Portos<\/strong><br \/>2x USB-C<br \/><strong>Tela<\/strong><br \/>Retina 13.3 &#8221; 2K 16:9  \u00b7 Resolu\u00e7\u00e3o 2560&#215;1600<br \/><strong>Multim\u00eddia<\/strong><br \/>Webcam<br \/><strong>Conectividade<\/strong><br \/>WIFI<br \/>Bluetooth<br \/><strong>Espec\u00edfico laptop<\/strong><br \/>Layout do teclado Internacional (adesivos espanhol)<br \/><strong>Outros<\/strong><br \/>hR embalagens<br \/><strong>Dimens\u00f5es<\/strong><br \/>30x21x1.5 cm.<br \/><strong>Peso<\/strong><br \/>1.50 Kg.<br \/><strong>Especifica\u00e7\u00f5es adicionais<\/strong><br \/>O Apple MacBook Pro 14,1 (modelo A1708, ano 2017) representa a ess\u00eancia do desempenho e da eleg\u00e2ncia da linha profissional da Apple. Sob o seu elegante chassis em alum\u00ednio Space Grey, encontra-se um processador Intel Core i5 7360U de 2,3 GHz e 16 GB de mem\u00f3ria SO-DDR3, garantindo uma resposta r\u00e1pida mesmo em tarefas exigentes de edi\u00e7\u00e3o, design ou programa\u00e7\u00e3o.<br \/>A unidade SSD M.2 de 256 GB assegura um arranque ultrarr\u00e1pido do sistema e das aplica\u00e7\u00f5es, enquanto o ecr\u00e3 Retina de 13,3 polegadas 2K (2560&#215;1600) oferece uma defini\u00e7\u00e3o excecional, cores precisas e pretos profundos, proporcionando uma experi\u00eancia visual envolvente.<br \/>Com o macOS Ventura, oferece um ambiente fluido, seguro e otimizado para produtividade e criatividade. Leve, silencioso e com uma qualidade de constru\u00e7\u00e3o impec\u00e1vel, este MacBook Pro continua a ser uma escolha ideal para profissionais que valorizam fiabilidade, portabilidade e o design refinado da Apple.<br \/>Bom aspeto exterior. Veja \u201c+ Fotos\u201d e \u201cV\u00eddeo\u201d e, se tiver alguma d\u00favida, ligue-nos ou utilize o nosso chat para solicitar mais detalhes.<br \/><strong>Coment\u00e1rios<\/strong><br \/><u>Modelo A1708 (2017) &#8211; Cor Space Grey<\/u><\/p>\n","protected":false},"excerpt":{"rendered":"<p>Intel Core i5 7360U 2.3 GHz. \u00b7 16 Gb. SO-DDR3 RAM \u00b7 256 Gb. SSD M2 \u00b7 macOS Ventura \u00b7 Retina 13.3 &#8221; 2K 16:9 \u00b7 Webcam \u00b7<br \/>\n<u>Modelo A1708 (2017) &#8211; Cor Space Grey<br \/>\n<\/u> [&#8230;]<\/p>\n<p><a class=\"btn btn-secondary understrap-read-more-link\" href=\"https:\/\/digamac.com\/pt-pt\/loja\/macbook-pro-pt\/macbook-pro-13-pt\/apple-macbook-pro-141-133-recondicionado-core-i5-23ghz-16-gb-ram-256-gb-ssd-m2-2560x1600-pt-14144\/\">Continuar a ler&#8230;<span class=\"screen-reader-text\"> from Apple MacBook Pro 14,1 13.3&#8221; | Recondicionado | Core i5 2.3GHz | 16 GB RAM | 256 GB SSD M2 2560&#215;1600<\/span><\/a><\/p>\n","protected":false},"featured_media":15734,"template":"","meta":[],"product_brand":[3122],"product_cat":[3063,3057],"product_tag":[],"class_list":{"0":"post-15749","1":"product","2":"type-product","3":"status-publish","4":"has-post-thumbnail","6":"product_brand-apple","7":"product_cat-macbook-pro-13-pt","8":"product_cat-macbook-pro-pt","10":"first","11":"outofstock","12":"taxable","13":"shipping-taxable","14":"purchasable","15":"product-type-simple"},"exclude_global_add_ons":true,"addons":{"keyboard-iso-upgrades":{"name":"Selecione idioma teclado","type":"multiple_choice","position":0,"required":false,"title_format":"heading","default":"","description_enable":false,"description":"","placeholder_enable":false,"placeholder":"","display":"radiobutton","restrictions_type":"any_text","adjust_price":false,"price":"","price_type":"quantity_based","restrictions":false,"min":"0","max":"0","options":[{"label":"Pegatinas Espanhol [AMP00082]","price":"0.0000","price_type":"quantity_based","image":0,"visibility":true},{"label":"Pegatinas Franc\u00e9s [AMP00084]","price":"0.0000","price_type":"quantity_based","image":0,"visibility":true},{"label":"Pegatinas Portugues [AMP00083]","price":"0.0000","price_type":"quantity_based","image":0,"visibility":true}]},"mouse-upgrades":{"name":"Extens\u00e3o rato","type":"multiple_choice","position":0,"required":false,"title_format":"heading","default":"","description_enable":false,"description":"","placeholder_enable":false,"placeholder":"","display":"radiobutton","restrictions_type":"any_text","adjust_price":false,"price":"","price_type":"quantity_based","restrictions":false,"min":"0","max":"0","options":[{"label":"Apple Magic Mouse 2 (A1657) [AMP00060]","price":"60.0000","price_type":"quantity_based","image":0,"visibility":true}]}},"_links":{"self":[{"href":"https:\/\/digamac.com\/pt-pt\/wp-json\/wp\/v2\/product\/15749","targetHints":{"allow":["GET"]}}],"collection":[{"href":"https:\/\/digamac.com\/pt-pt\/wp-json\/wp\/v2\/product"}],"about":[{"href":"https:\/\/digamac.com\/pt-pt\/wp-json\/wp\/v2\/types\/product"}],"wp:featuredmedia":[{"embeddable":true,"href":"https:\/\/digamac.com\/pt-pt\/wp-json\/wp\/v2\/media\/15734"}],"wp:attachment":[{"href":"https:\/\/digamac.com\/pt-pt\/wp-json\/wp\/v2\/media?parent=15749"}],"wp:term":[{"taxonomy":"product_brand","embeddable":true,"href":"https:\/\/digamac.com\/pt-pt\/wp-json\/wp\/v2\/product_brand?post=15749"},{"taxonomy":"product_cat","embeddable":true,"href":"https:\/\/digamac.com\/pt-pt\/wp-json\/wp\/v2\/product_cat?post=15749"},{"taxonomy":"product_tag","embeddable":true,"href":"https:\/\/digamac.com\/pt-pt\/wp-json\/wp\/v2\/product_tag?post=15749"}],"curies":[{"name":"wp","href":"https:\/\/api.w.org\/{rel}","templated":true}]}}