{"id":15827,"date":"2025-10-23T08:08:16","date_gmt":"2025-10-23T07:08:16","guid":{"rendered":"https:\/\/digamac.com\/tienda\/sem categoria\/apple-mac-mini-81-impecable-recondicionado-core-i7-32ghz-8-gb-ram-128-gb-ssd-m2-pt-14140\/"},"modified":"2026-02-25T09:07:27","modified_gmt":"2026-02-25T08:07:27","slug":"apple-mac-mini-81-impecable-recondicionado-core-i7-32ghz-8-gb-ram-128-gb-ssd-m2-pt-14140","status":"publish","type":"product","link":"https:\/\/digamac.com\/pt-pt\/loja\/mac-mini-pt\/apple-mac-mini-81-impecable-recondicionado-core-i7-32ghz-8-gb-ram-128-gb-ssd-m2-pt-14140\/","title":{"rendered":"Apple Mac Mini 8,1-Impecable | Recondicionado | Core i7 3.2GHz | 8 GB RAM | 128 GB SSD M2"},"content":{"rendered":"<p><strong>Processador<\/strong><br \/>Intel Core i7 8700B 3.2 GHz.<br \/><strong>Mem\u00f3ria RAM<\/strong><br \/>8 Gb. SO-DDR4 RAM<br \/><strong>Disco r\u00edgido<\/strong><br \/>128 Gb. SSD M2<br \/><strong>Cart\u00f5es<\/strong><br \/>Placa gr\u00e1fica: Intel UHD Graphics 630<br \/>Som: HD Audio<br \/>Network: Gigabit Ethernet<br \/><strong>Sistema operativo<\/strong><br \/>macOS Sequoia<br \/><strong>Portos<\/strong><br \/>2x USB 3.0<br \/>4x USB-C<br \/><strong>Portas de v\u00eddeo<\/strong><br \/>HDMI<br \/><strong>Conectividade<\/strong><br \/>RJ-45<br \/>WIFI<br \/>Bluetooth<br \/><strong>Outros<\/strong><br \/>hR embalagens<br \/><strong>Dimens\u00f5es<\/strong><br \/>20x20x3.6 cm.<br \/><strong>Peso<\/strong><br \/>1.30 Kg.<br \/><strong>Especifica\u00e7\u00f5es adicionais<\/strong><br \/>O Apple Mac Mini 8,1 (modelo A1993, Final de 2018) combina a pot\u00eancia de um processador Intel Core i7 8700B de 3.2 GHz com o design compacto e elegante que tornou este equipamento ic\u00f3nico. Com 8 GB de mem\u00f3ria SO-DDR4 e um r\u00e1pido SSD M.2 de 121 GB, oferece um desempenho \u00e1gil e est\u00e1vel, ideal para profissionais que precisam de pot\u00eancia de processamento num formato reduzido.<br \/>O sistema operativo macOS Sequoia garante uma experi\u00eancia fluida, segura e perfeitamente otimizada para as tarefas do dia a dia, desde a edi\u00e7\u00e3o de conte\u00fados at\u00e9 ao trabalho multitarefa mais exigente. O acabamento em Space Grey real\u00e7a o seu design sofisticado, acrescentando um toque moderno e profissional a qualquer ambiente de trabalho.<br \/>Com aspeto exterior impec\u00e1vel, o Mac Mini 8,1 continua a ser uma escolha excecional para quem procura o equil\u00edbrio perfeito entre desempenho, fiabilidade e est\u00e9tica. Compacto, silencioso e eficiente, este modelo prova que a pot\u00eancia n\u00e3o precisa de ocupar espa\u00e7o.<br \/><b>Aspeto exterior impec\u00e1vel. <\/b>Se tiver alguma d\u00favida, ligue-nos ou use o nosso chat para obter mais informa\u00e7\u00f5es ou solicitar mais detalhes.<br \/><strong>Coment\u00e1rios<\/strong><br \/><u>Modelo A1993 (Late 2018) &#8211; Cor Space Grey<\/u><\/p>\n","protected":false},"excerpt":{"rendered":"<p>Intel Core i7 8700B 3.2 GHz. \u00b7 8 Gb. SO-DDR4 RAM \u00b7 128 Gb. SSD M2 \u00b7 macOS Sequoia \u00b7<br \/>\n<u>Modelo A1993 (Late 2018) &#8211; Cor Space Grey<br \/>\n<\/u> [&#8230;]<\/p>\n<p><a class=\"btn btn-secondary understrap-read-more-link\" href=\"https:\/\/digamac.com\/pt-pt\/loja\/mac-mini-pt\/apple-mac-mini-81-impecable-recondicionado-core-i7-32ghz-8-gb-ram-128-gb-ssd-m2-pt-14140\/\">Continuar a ler&#8230;<span class=\"screen-reader-text\"> from Apple Mac Mini 8,1-Impecable | Recondicionado | Core i7 3.2GHz | 8 GB RAM | 128 GB SSD M2<\/span><\/a><\/p>\n","protected":false},"featured_media":15820,"template":"","meta":[],"product_brand":[3122],"product_cat":[2507],"product_tag":[],"class_list":{"0":"post-15827","1":"product","2":"type-product","3":"status-publish","4":"has-post-thumbnail","6":"product_brand-apple","7":"product_cat-mac-mini-pt","9":"first","10":"instock","11":"taxable","12":"shipping-taxable","13":"purchasable","14":"product-type-simple"},"exclude_global_add_ons":true,"addons":{"mouse-upgrades":{"name":"Extens\u00e3o rato","type":"multiple_choice","position":0,"required":false,"title_format":"heading","default":"","description_enable":false,"description":"","placeholder_enable":false,"placeholder":"","display":"radiobutton","restrictions_type":"any_text","adjust_price":false,"price":"","price_type":"quantity_based","restrictions":false,"min":"0","max":"0","options":[{"label":"Apple Magic Mouse 2 (A1657) [AMP00060]","price":"60.0000","price_type":"quantity_based","image":0,"visibility":true}]},"ram-memory-upgrades":{"name":"Extens\u00e3o RAM","type":"multiple_choice","position":0,"required":false,"title_format":"heading","default":"","description_enable":false,"description":"","placeholder_enable":false,"placeholder":"","display":"radiobutton","restrictions_type":"any_text","adjust_price":false,"price":"","price_type":"quantity_based","restrictions":false,"min":"0","max":"0","options":[{"label":"Extens\u00e3o SO-DIMM RAM 16 Gb DDR4 [AMP00081]","price":"60.0000","price_type":"quantity_based","image":0,"visibility":true}]}},"_links":{"self":[{"href":"https:\/\/digamac.com\/pt-pt\/wp-json\/wp\/v2\/product\/15827","targetHints":{"allow":["GET"]}}],"collection":[{"href":"https:\/\/digamac.com\/pt-pt\/wp-json\/wp\/v2\/product"}],"about":[{"href":"https:\/\/digamac.com\/pt-pt\/wp-json\/wp\/v2\/types\/product"}],"wp:featuredmedia":[{"embeddable":true,"href":"https:\/\/digamac.com\/pt-pt\/wp-json\/wp\/v2\/media\/15820"}],"wp:attachment":[{"href":"https:\/\/digamac.com\/pt-pt\/wp-json\/wp\/v2\/media?parent=15827"}],"wp:term":[{"taxonomy":"product_brand","embeddable":true,"href":"https:\/\/digamac.com\/pt-pt\/wp-json\/wp\/v2\/product_brand?post=15827"},{"taxonomy":"product_cat","embeddable":true,"href":"https:\/\/digamac.com\/pt-pt\/wp-json\/wp\/v2\/product_cat?post=15827"},{"taxonomy":"product_tag","embeddable":true,"href":"https:\/\/digamac.com\/pt-pt\/wp-json\/wp\/v2\/product_tag?post=15827"}],"curies":[{"name":"wp","href":"https:\/\/api.w.org\/{rel}","templated":true}]}}