{"id":15849,"date":"2025-10-23T08:46:39","date_gmt":"2025-10-23T07:46:39","guid":{"rendered":"https:\/\/digamac.com\/tienda\/sem categoria\/apple-mac-mini-61-recondicionado-core-i7-23ghz-8-gb-ram-1024-gb-fusion-drive-pt-14131\/"},"modified":"2026-02-25T09:06:51","modified_gmt":"2026-02-25T08:06:51","slug":"apple-mac-mini-61-recondicionado-core-i7-23ghz-8-gb-ram-1024-gb-fusion-drive-pt-14131","status":"publish","type":"product","link":"https:\/\/digamac.com\/pt-pt\/loja\/mac-mini-pt\/apple-mac-mini-61-recondicionado-core-i7-23ghz-8-gb-ram-1024-gb-fusion-drive-pt-14131\/","title":{"rendered":"Apple Mac Mini 6,1 | Recondicionado | Core i7 2.3GHz | 8 GB RAM | 1024 GB Fusion Drive"},"content":{"rendered":"<p><strong>Processador<\/strong><br \/>Intel Core i7 3615QM 2.3 GHz.<br \/><strong>Mem\u00f3ria RAM<\/strong><br \/>8 Gb. SO-DDR3 RAM<br \/><strong>Disco r\u00edgido<\/strong><br \/>1.00 Tb. Fusion Drive<br \/><strong>Cart\u00f5es<\/strong><br \/>Placa gr\u00e1fica: Intel HD Graphics 4000<br \/>Som: High Definition Audio<br \/>Network: Broadcom BCM57766<br \/><strong>Sistema operativo<\/strong><br \/>macOS Catalina<br \/><strong>Portos<\/strong><br \/>4x USB 2.0<br \/>Firewire<br \/>Thunderbolt<br \/><strong>Portas de v\u00eddeo<\/strong><br \/>HDMI<br \/><strong>Multim\u00eddia<\/strong><br \/>Leitor SD<br \/><strong>Conectividade<\/strong><br \/>RJ-45<br \/>WIFI<br \/>Bluetooth<br \/><strong>Outros<\/strong><br \/>hR embalagens<br \/><strong>Dimens\u00f5es<\/strong><br \/>20x4x20 cm.<br \/><strong>Peso<\/strong><br \/>1.00 Kg.<br \/><strong>Especifica\u00e7\u00f5es adicionais<\/strong><br \/>O Apple Mac Mini 6,1 (modelo A1347, Final de 2012) \u00e9 um exemplo perfeito do equil\u00edbrio entre pot\u00eancia, fiabilidade e design minimalista. Equipado com um processador Intel Core i7 3615QM de 2.3 GHz, este computador compacto oferece um desempenho s\u00f3lido, capaz de lidar com tarefas exigentes de forma fluida, desde edi\u00e7\u00e3o de v\u00eddeo e \u00e1udio at\u00e9 multitarefa avan\u00e7ada.<br \/>Os seus 8 GB de mem\u00f3ria SO-DDR3 e o r\u00e1pido Fusion Drive de 1 TB combinam a velocidade do armazenamento SSD com a capacidade de um disco tradicional, proporcionando um sistema \u00e1gil, est\u00e1vel e com espa\u00e7o mais do que suficiente para todos os seus projetos. Com o macOS Catalina, o desempenho mant\u00e9m-se otimizado e a experi\u00eancia do utilizador \u00e9 t\u00e3o intuitiva e eficiente como sempre na Apple.<br \/>O elegante acabamento Silver real\u00e7a o seu design intemporal, adaptando-se a qualquer ambiente, seja profissional ou dom\u00e9stico. O Mac Mini 6,1 continua a ser uma escolha muito valorizada por quem procura um computador fi\u00e1vel, silencioso e de alto desempenho num formato compacto, fiel ao esp\u00edrito inovador da Apple.<br \/>Bom aspeto exterior. Se tiver alguma d\u00favida, ligue-nos ou use o nosso chat para obter mais informa\u00e7\u00f5es ou solicitar mais detalhes.<br \/><strong>Coment\u00e1rios<\/strong><br \/><u>Modelo A1347 (Late 2012) &#8211; Cor Silver<\/u><\/p>\n","protected":false},"excerpt":{"rendered":"<p>Intel Core i7 3615QM 2.3 GHz. \u00b7 8 Gb. SO-DDR3 RAM \u00b7 1.00 Tb. Fusion Drive \u00b7 macOS Catalina \u00b7<br \/>\n<u>Modelo A1347 (Late 2012) &#8211; Cor Silver<br \/>\n<\/u> [&#8230;]<\/p>\n<p><a class=\"btn btn-secondary understrap-read-more-link\" href=\"https:\/\/digamac.com\/pt-pt\/loja\/mac-mini-pt\/apple-mac-mini-61-recondicionado-core-i7-23ghz-8-gb-ram-1024-gb-fusion-drive-pt-14131\/\">Continuar a ler&#8230;<span class=\"screen-reader-text\"> from Apple Mac Mini 6,1 | Recondicionado | Core i7 2.3GHz | 8 GB RAM | 1024 GB Fusion Drive<\/span><\/a><\/p>\n","protected":false},"featured_media":15842,"template":"","meta":[],"product_brand":[3122],"product_cat":[2507],"product_tag":[],"class_list":{"0":"post-15849","1":"product","2":"type-product","3":"status-publish","4":"has-post-thumbnail","6":"product_brand-apple","7":"product_cat-mac-mini-pt","9":"first","10":"instock","11":"taxable","12":"shipping-taxable","13":"purchasable","14":"product-type-simple"},"exclude_global_add_ons":true,"addons":{"mouse-upgrades":{"name":"Extens\u00e3o rato","type":"multiple_choice","position":0,"required":false,"title_format":"heading","default":"","description_enable":false,"description":"","placeholder_enable":false,"placeholder":"","display":"radiobutton","restrictions_type":"any_text","adjust_price":false,"price":"","price_type":"quantity_based","restrictions":false,"min":"0","max":"0","options":[{"label":"Apple Magic Mouse 2 (A1657) [AMP00060]","price":"60.0000","price_type":"quantity_based","image":0,"visibility":true}]},"ram-memory-upgrades":{"name":"Extens\u00e3o RAM","type":"multiple_choice","position":0,"required":false,"title_format":"heading","default":"","description_enable":false,"description":"","placeholder_enable":false,"placeholder":"","display":"radiobutton","restrictions_type":"any_text","adjust_price":false,"price":"","price_type":"quantity_based","restrictions":false,"min":"0","max":"0","options":[{"label":"Extens\u00e3o SODIM RAM 16 Gb DDR3 [AMP00004]","price":"50.0000","price_type":"quantity_based","image":0,"visibility":true}]}},"_links":{"self":[{"href":"https:\/\/digamac.com\/pt-pt\/wp-json\/wp\/v2\/product\/15849","targetHints":{"allow":["GET"]}}],"collection":[{"href":"https:\/\/digamac.com\/pt-pt\/wp-json\/wp\/v2\/product"}],"about":[{"href":"https:\/\/digamac.com\/pt-pt\/wp-json\/wp\/v2\/types\/product"}],"wp:featuredmedia":[{"embeddable":true,"href":"https:\/\/digamac.com\/pt-pt\/wp-json\/wp\/v2\/media\/15842"}],"wp:attachment":[{"href":"https:\/\/digamac.com\/pt-pt\/wp-json\/wp\/v2\/media?parent=15849"}],"wp:term":[{"taxonomy":"product_brand","embeddable":true,"href":"https:\/\/digamac.com\/pt-pt\/wp-json\/wp\/v2\/product_brand?post=15849"},{"taxonomy":"product_cat","embeddable":true,"href":"https:\/\/digamac.com\/pt-pt\/wp-json\/wp\/v2\/product_cat?post=15849"},{"taxonomy":"product_tag","embeddable":true,"href":"https:\/\/digamac.com\/pt-pt\/wp-json\/wp\/v2\/product_tag?post=15849"}],"curies":[{"name":"wp","href":"https:\/\/api.w.org\/{rel}","templated":true}]}}