{"id":15925,"date":"2025-10-24T07:42:41","date_gmt":"2025-10-24T06:42:41","guid":{"rendered":"https:\/\/digamac.com\/tienda\/sem categoria\/apple-mac-mini-143-impecable-mini-recondicionado-m2-35ghz-16-gb-ram-512-gb-ssd-m2-pt-14137\/"},"modified":"2025-10-24T07:42:42","modified_gmt":"2025-10-24T06:42:42","slug":"apple-mac-mini-143-impecable-mini-recondicionado-m2-35ghz-16-gb-ram-512-gb-ssd-m2-pt-14137","status":"publish","type":"product","link":"https:\/\/digamac.com\/pt-pt\/loja\/mac-mini-pt\/apple-mac-mini-143-impecable-mini-recondicionado-m2-35ghz-16-gb-ram-512-gb-ssd-m2-pt-14137\/","title":{"rendered":"Apple Mac Mini 14,3-Impecable Mini | Recondicionado | M2 3.5GHz | 16 GB RAM | 512 GB SSD M2"},"content":{"rendered":"<p><strong>Processador<\/strong><br \/>Apple M2 APL1109 3.5 GHz.<br \/><strong>Fator de forma<\/strong><br \/>Mini<br \/><strong>Mem\u00f3ria RAM<\/strong><br \/>16 Gb. SO-DDR4 RAM<br \/><strong>Disco r\u00edgido<\/strong><br \/>512 Gb. SSD M2<br \/><strong>Cart\u00f5es<\/strong><br \/>Placa gr\u00e1fica: Apple G13G<br \/>Som: HD Audio<br \/>Network: Ethernet Gigabit<br \/><strong>Sistema operativo<\/strong><br \/>macOS Tahoe<br \/><strong>Portos<\/strong><br \/>2x USB 2.0<br \/>2x Thunderbolt<br \/><strong>Portas de v\u00eddeo<\/strong><br \/>HDMI<br \/><strong>Conectividade<\/strong><br \/>RJ-45<br \/>WIFI<br \/>Bluetooth<br \/><strong>Dimens\u00f5es<\/strong><br \/>19.7&#215;19.7&#215;3.6 cm.<br \/><strong>Peso<\/strong><br \/>1.20 Kg.<br \/><strong>Especifica\u00e7\u00f5es adicionais<\/strong><br \/>O Apple Mac Mini 14,3 (modelo A2686, 2023) eleva o desempenho a um novo n\u00edvel com o potente chip Apple M2 APL1109 de 3.5 GHz, projetado para oferecer velocidade e efici\u00eancia excecionais em qualquer ambiente profissional ou criativo. Com 16 GB de mem\u00f3ria SO-DDR4 e um r\u00e1pido SSD M.2 de 512 GB, este equipamento garante uma execu\u00e7\u00e3o fluida de m\u00faltiplas aplica\u00e7\u00f5es, tempos de carregamento quase inexistentes e desempenho est\u00e1vel mesmo em tarefas de alta exig\u00eancia.<br \/>O sistema operativo macOS Tahoe est\u00e1 perfeitamente otimizado para tirar o m\u00e1ximo partido de cada n\u00facleo do M2, proporcionando uma experi\u00eancia \u00e1gil, segura e visualmente impec\u00e1vel. O elegante acabamento prateado refor\u00e7a a sua est\u00e9tica minimalista, tornando o Mac Mini M2 ideal tanto para escrit\u00f3rios profissionais como para configura\u00e7\u00f5es dom\u00e9sticas onde o design e a pot\u00eancia se complementam.<br \/>Silencioso, compacto e surpreendentemente potente, o Apple Mac Mini 14,3 redefine o que um computador de secret\u00e1ria pode oferecer: desempenho profissional, efici\u00eancia energ\u00e9tica e a inconfund\u00edvel qualidade Apple.<br \/><b>Aspeto exterior impec\u00e1vel<\/b>. Se tiver alguma d\u00favida, ligue-nos ou use o nosso chat para obter mais informa\u00e7\u00f5es ou solicitar mais detalhes.<br \/><strong>Coment\u00e1rios<\/strong><br \/><u>Modelo A2686 (2023) &#8211; Cor Silver<\/u><\/p>\n","protected":false},"excerpt":{"rendered":"<p><strong>Apple M2<\/strong> APL1109 3.5 GHz. \u00b7 16 Gb. SO-DDR4 RAM \u00b7 512 Gb. SSD M2 \u00b7 macOS Tahoe \u00b7<br \/>\n<u>Modelo A2686 (2023) &#8211; Cor Silver<br \/>\n<\/u> [&#8230;]<\/p>\n<p><a class=\"btn btn-secondary understrap-read-more-link\" href=\"https:\/\/digamac.com\/pt-pt\/loja\/mac-mini-pt\/apple-mac-mini-143-impecable-mini-recondicionado-m2-35ghz-16-gb-ram-512-gb-ssd-m2-pt-14137\/\">Continuar a ler&#8230;<span class=\"screen-reader-text\"> from Apple Mac Mini 14,3-Impecable Mini | Recondicionado | M2 3.5GHz | 16 GB RAM | 512 GB SSD M2<\/span><\/a><\/p>\n","protected":false},"featured_media":15920,"template":"","meta":[],"product_brand":[3122],"product_cat":[2507],"product_tag":[],"class_list":{"0":"post-15925","1":"product","2":"type-product","3":"status-publish","4":"has-post-thumbnail","6":"product_brand-apple","7":"product_cat-mac-mini-pt","9":"first","10":"outofstock","11":"taxable","12":"shipping-taxable","13":"purchasable","14":"product-type-simple"},"exclude_global_add_ons":true,"addons":{"mouse-upgrades":{"name":"Extens\u00e3o rato","type":"multiple_choice","position":0,"required":false,"title_format":"heading","default":"","description_enable":false,"description":"","placeholder_enable":false,"placeholder":"","display":"radiobutton","restrictions_type":"any_text","adjust_price":false,"price":"","price_type":"quantity_based","restrictions":false,"min":"0","max":"0","options":[{"label":"Apple Magic Mouse 2 (A1657) [AMP00060]","price":"60.0000","price_type":"quantity_based","image":0,"visibility":true}]}},"_links":{"self":[{"href":"https:\/\/digamac.com\/pt-pt\/wp-json\/wp\/v2\/product\/15925","targetHints":{"allow":["GET"]}}],"collection":[{"href":"https:\/\/digamac.com\/pt-pt\/wp-json\/wp\/v2\/product"}],"about":[{"href":"https:\/\/digamac.com\/pt-pt\/wp-json\/wp\/v2\/types\/product"}],"wp:featuredmedia":[{"embeddable":true,"href":"https:\/\/digamac.com\/pt-pt\/wp-json\/wp\/v2\/media\/15920"}],"wp:attachment":[{"href":"https:\/\/digamac.com\/pt-pt\/wp-json\/wp\/v2\/media?parent=15925"}],"wp:term":[{"taxonomy":"product_brand","embeddable":true,"href":"https:\/\/digamac.com\/pt-pt\/wp-json\/wp\/v2\/product_brand?post=15925"},{"taxonomy":"product_cat","embeddable":true,"href":"https:\/\/digamac.com\/pt-pt\/wp-json\/wp\/v2\/product_cat?post=15925"},{"taxonomy":"product_tag","embeddable":true,"href":"https:\/\/digamac.com\/pt-pt\/wp-json\/wp\/v2\/product_tag?post=15925"}],"curies":[{"name":"wp","href":"https:\/\/api.w.org\/{rel}","templated":true}]}}