{"id":15938,"date":"2025-11-05T09:32:58","date_gmt":"2025-11-05T08:32:58","guid":{"rendered":"https:\/\/digamac.com\/tienda\/sem%20categoria\/apple-macbook-pro-162-impecable-133-recondicionado-core-i5-2ghz-16-gb-ram-512-gb-ssd-m2-2560x1600-pt-14279\/"},"modified":"2026-04-15T11:07:53","modified_gmt":"2026-04-15T10:07:53","slug":"apple-macbook-pro-162-impecable-133-recondicionado-core-i5-2ghz-16-gb-ram-512-gb-ssd-m2-2560x1600-pt-14279","status":"publish","type":"product","link":"https:\/\/digamac.com\/pt-pt\/loja\/macbook-pro-pt\/macbook-pro-13-pt\/apple-macbook-pro-162-impecable-133-recondicionado-core-i5-2ghz-16-gb-ram-512-gb-ssd-m2-2560x1600-pt-14279\/","title":{"rendered":"Apple MacBook Pro 16,2-Impecable 13.3&#8221; | Recondicionado | Core i5 2GHz | 16 GB RAM | 512 GB SSD M2 2560&#215;1600"},"content":{"rendered":"<p><strong>Processador<\/strong><br \/>Intel Core i5 1038NG7 2 GHz.<br \/><strong>Mem\u00f3ria RAM<\/strong><br \/>16 Gb. SO-DDR4 RAM<br \/><strong>Disco r\u00edgido<\/strong><br \/>512 Gb. SSD M2<br \/><strong>Cart\u00f5es<\/strong><br \/>Placa gr\u00e1fica: Intel Iris 1.5Gb<br \/>Som: HD Audio Dolby Atmos<br \/><strong>Sistema operativo<\/strong><br \/>macOS Tahoe<br \/><strong>Portos<\/strong><br \/>4x USB-C<br \/><strong>Tela<\/strong><br \/>Retina 13.3 &#8221; 2K 16:9  \u00b7 Resolu\u00e7\u00e3o 2560&#215;1600<br \/><strong>Multim\u00eddia<\/strong><br \/>Webcam<br \/><strong>Conectividade<\/strong><br \/>WIFI<br \/>Bluetooth<br \/><strong>Espec\u00edfico laptop<\/strong><br \/>Layout do teclado Espanhol<br \/><strong>Outros<\/strong><br \/>hR embalagens<br \/><strong>Dimens\u00f5es<\/strong><br \/>30.4&#215;21.2&#215;1.6 cm.<br \/><strong>Peso<\/strong><br \/>1.40 Kg.<br \/><strong>Especifica\u00e7\u00f5es adicionais<\/strong><br \/>O Apple MacBook Pro 16,2 (A2251) combina pot\u00eancia profissional, design ic\u00f3nico e uma fluidez incompar\u00e1vel em cada tarefa. Equipado com um processador Intel Core i5 1038NG7 de 10.\u00aa gera\u00e7\u00e3o e 16 GB de mem\u00f3ria DDR4, este port\u00e1til oferece um desempenho s\u00f3lido e eficiente \u2014 ideal para profissionais que procuram velocidade, estabilidade e capacidade multitarefa sem compromissos. O seu ecr\u00e3 Retina de 13,3 polegadas 2K impressiona pela qualidade de imagem espetacular: cores realistas, brilho uniforme e uma resolu\u00e7\u00e3o de 2560&#215;1600 que transforma cada detalhe numa obra de precis\u00e3o.<br \/>O SSD M.2 de 512 GB acelera o trabalho di\u00e1rio com arranques instant\u00e2neos e uma gest\u00e3o de ficheiros extremamente fluida, enquanto a Touch Bar introduz uma forma mais intuitiva e criativa de interagir com as aplica\u00e7\u00f5es. Com o macOS Tahoe, desfrutar\u00e1 de uma experi\u00eancia moderna, segura e perfeitamente otimizada para o ecossistema Apple. O seu acabamento elegante em Space Grey e o aspeto exterior impec\u00e1vel completam um port\u00e1til que se destaca tanto por dentro como por fora. O MacBook Pro 16,2 \u00e9 a escolha perfeita para quem exige o m\u00e1ximo desempenho com o inconfund\u00edvel estilo Apple.<br \/>Aspeto exterior impec\u00e1vel. Se tiver alguma d\u00favida, ligue-nos ou utilize o nosso chat para obter mais informa\u00e7\u00f5es ou solicitar mais detalhes.<br \/><strong>Coment\u00e1rios<\/strong><br \/><u>TouchBar \u2013 Teclado espanhol &#8211; Modelo A2251 (2020) \u2013 Cor Space Grey<\/u><\/p>\n","protected":false},"excerpt":{"rendered":"<p>Intel Core i5 1038NG7 2 GHz. \u00b7 16 Gb. SO-DDR4 RAM \u00b7 512 Gb. SSD M2 \u00b7 macOS Tahoe \u00b7 Retina 13.3 &#8221; 2K 16:9 \u00b7 Webcam \u00b7<br \/>\n<strong>TouchBar \u2013 Teclado espanhol<\/strong> &#8211; <u>Modelo A2251 (2020) \u2013 Cor Space Grey<br \/>\n<\/u> [&#8230;]<\/p>\n<p><a class=\"btn btn-secondary understrap-read-more-link\" href=\"https:\/\/digamac.com\/pt-pt\/loja\/macbook-pro-pt\/macbook-pro-13-pt\/apple-macbook-pro-162-impecable-133-recondicionado-core-i5-2ghz-16-gb-ram-512-gb-ssd-m2-2560x1600-pt-14279\/\">Continuar a ler&#8230;<span class=\"screen-reader-text\"> from Apple MacBook Pro 16,2-Impecable 13.3&#8221; | Recondicionado | Core i5 2GHz | 16 GB RAM | 512 GB SSD M2 2560&#215;1600<\/span><\/a><\/p>\n","protected":false},"featured_media":15929,"template":"","meta":[],"product_brand":[3122],"product_cat":[3063,3057],"product_tag":[],"class_list":{"0":"post-15938","1":"product","2":"type-product","3":"status-publish","4":"has-post-thumbnail","6":"product_brand-apple","7":"product_cat-macbook-pro-13-pt","8":"product_cat-macbook-pro-pt","10":"first","11":"outofstock","12":"taxable","13":"shipping-taxable","14":"purchasable","15":"product-type-simple"},"exclude_global_add_ons":true,"addons":{"keyboard-iso-upgrades":{"name":"Selecione idioma teclado","type":"multiple_choice","position":0,"required":false,"title_format":"heading","default":"","description_enable":false,"description":"","placeholder_enable":false,"placeholder":"","display":"radiobutton","restrictions_type":"any_text","adjust_price":false,"price":"","price_type":"quantity_based","restrictions":false,"min":"0","max":"0","options":[{"label":"Pegatinas Franc\u00e9s [AMP00084]","price":"0.0000","price_type":"quantity_based","image":0,"visibility":true},{"label":"Pegatinas Portugues [AMP00083]","price":"0.0000","price_type":"quantity_based","image":0,"visibility":true}]},"mouse-upgrades":{"name":"Extens\u00e3o rato","type":"multiple_choice","position":0,"required":false,"title_format":"heading","default":"","description_enable":false,"description":"","placeholder_enable":false,"placeholder":"","display":"radiobutton","restrictions_type":"any_text","adjust_price":false,"price":"","price_type":"quantity_based","restrictions":false,"min":"0","max":"0","options":[{"label":"Apple Magic Mouse 2 (A1657) [AMP00060]","price":"60.0000","price_type":"quantity_based","image":0,"visibility":true}]}},"_links":{"self":[{"href":"https:\/\/digamac.com\/pt-pt\/wp-json\/wp\/v2\/product\/15938","targetHints":{"allow":["GET"]}}],"collection":[{"href":"https:\/\/digamac.com\/pt-pt\/wp-json\/wp\/v2\/product"}],"about":[{"href":"https:\/\/digamac.com\/pt-pt\/wp-json\/wp\/v2\/types\/product"}],"wp:featuredmedia":[{"embeddable":true,"href":"https:\/\/digamac.com\/pt-pt\/wp-json\/wp\/v2\/media\/15929"}],"wp:attachment":[{"href":"https:\/\/digamac.com\/pt-pt\/wp-json\/wp\/v2\/media?parent=15938"}],"wp:term":[{"taxonomy":"product_brand","embeddable":true,"href":"https:\/\/digamac.com\/pt-pt\/wp-json\/wp\/v2\/product_brand?post=15938"},{"taxonomy":"product_cat","embeddable":true,"href":"https:\/\/digamac.com\/pt-pt\/wp-json\/wp\/v2\/product_cat?post=15938"},{"taxonomy":"product_tag","embeddable":true,"href":"https:\/\/digamac.com\/pt-pt\/wp-json\/wp\/v2\/product_tag?post=15938"}],"curies":[{"name":"wp","href":"https:\/\/api.w.org\/{rel}","templated":true}]}}