{"id":16584,"date":"2026-02-07T18:41:01","date_gmt":"2026-02-07T17:41:01","guid":{"rendered":"https:\/\/digamac.com\/tienda\/sem%20categoria\/apple-macbook-air-101-impecable-133-recondicionado-m1-32ghz-8-gb-ram-250-gb-ssd-m2-2560x1600-pt-14273\/"},"modified":"2026-02-25T09:07:28","modified_gmt":"2026-02-25T08:07:28","slug":"apple-macbook-air-101-impecable-133-recondicionado-m1-32ghz-8-gb-ram-250-gb-ssd-m2-2560x1600-pt-14273","status":"publish","type":"product","link":"https:\/\/digamac.com\/pt-pt\/loja\/macbook-air-pt\/apple-macbook-air-101-impecable-133-recondicionado-m1-32ghz-8-gb-ram-250-gb-ssd-m2-2560x1600-pt-14273\/","title":{"rendered":"Apple MacBook Air 10,1-Impecable 13.3&#8221; | Recondicionado | M1 3.2GHz | 8 GB RAM | 250 GB SSD M2 2560&#215;1600"},"content":{"rendered":"<p><strong>Processador<\/strong><br \/>Apple M1 3.2 GHz.<br \/><strong>Mem\u00f3ria RAM<\/strong><br \/>8 Gb. SO-DDR4 RAM<br \/><strong>Disco r\u00edgido<\/strong><br \/>250 Gb. SSD M2<br \/><strong>Cart\u00f5es<\/strong><br \/>Placa gr\u00e1fica: Apple G13G<br \/><strong>Sistema operativo<\/strong><br \/>macOS Tahoe<br \/><strong>Portos<\/strong><br \/>2x USB-C<br \/><strong>Tela<\/strong><br \/>Led 13.3 &#8221; 2K 16:9 \u00b7 Resolu\u00e7\u00e3o 2560&#215;1600<br \/><strong>Multim\u00eddia<\/strong><br \/>Webcam<br \/><strong>Conectividade<\/strong><br \/>WIFI<br \/>Bluetooth<br \/><strong>Espec\u00edfico laptop<\/strong><br \/>Layout do teclado Espanhol<br \/><strong>Outros<\/strong><br \/>hR embalagens<br \/><strong>Dimens\u00f5es<\/strong><br \/>30.4&#215;21.2&#215;1.6 cm.<br \/><strong>Peso<\/strong><br \/>1.30 Kg.<br \/><strong>Especifica\u00e7\u00f5es adicionais<\/strong><br \/>Elegante, silencioso e mais potente do que imagina. O MacBook Air 13.3&#8243; modelo A2337 (2020) na cor Space Grey marca o in\u00edcio de uma nova era com o chip Apple M1 a 3.2 GHz, que revoluciona a forma de trabalhar, criar e desfrutar de conte\u00fados num port\u00e1til ultraleve.Gra\u00e7as aos seus 8 GB de RAM DDR4 e SSD M.2 de 250 GB, oferece uma experi\u00eancia fluida e reativa desde o primeiro segundo: abertura instant\u00e2nea de apps, multitarefa sem bloqueios e excelente autonomia. Ideal tanto para estudantes como para profissionais que necessitam de desempenho real em movimento.O ecr\u00e3 LED Retina de 13,3 polegadas, com resolu\u00e7\u00e3o 2K (2560&#215;1600), oferece imagens vibrantes e textos perfeitamente definidos. Perfeito para design leve, navega\u00e7\u00e3o intensiva ou simplesmente para desfrutar de s\u00e9ries e videochamadas em alta qualidade com a sua webcam HD integrada. Tudo a funcionar com macOS Sequoia, o sistema operativo mais avan\u00e7ado da Apple at\u00e9 \u00e0 data.Fino, robusto e com um design impec\u00e1vel, este MacBook Air A2337 demonstra que n\u00e3o \u00e9 necess\u00e1rio ser grande para ser incrivelmente capaz.<strong>Aspeto exterior impec\u00e1vel<\/strong>. Veja em \u201c+ Fotos\u201d e se tiver alguma d\u00favida, ligue-nos ou utilize o nosso chat para ampliar a informa\u00e7\u00e3o ou solicitar mais detalhes.<br \/><strong>Coment\u00e1rios<\/strong><br \/><u>Modelo A2337 (2020) \u2013 Cor Space Grey<\/u><\/p>\n","protected":false},"excerpt":{"rendered":"<p><strong>Apple M1 3.2 GHz.<\/strong> \u00b7 8 Gb. SO-DDR4 RAM \u00b7 250 Gb. SSD M2 \u00b7 macOS Tahoe \u00b7 Led 13.3 &#8221; 2K 16:9 \u00b7 Webcam \u00b7<strong>Teclado espanhol <\/strong>\u00b7<u>Modelo A2337 (2020) \u2013 Cor Space Grey<br \/>\n<\/u> [&#8230;]<\/p>\n<p><a class=\"btn btn-secondary understrap-read-more-link\" href=\"https:\/\/digamac.com\/pt-pt\/loja\/macbook-air-pt\/apple-macbook-air-101-impecable-133-recondicionado-m1-32ghz-8-gb-ram-250-gb-ssd-m2-2560x1600-pt-14273\/\">Continuar a ler&#8230;<span class=\"screen-reader-text\"> from Apple MacBook Air 10,1-Impecable 13.3&#8221; | Recondicionado | M1 3.2GHz | 8 GB RAM | 250 GB SSD M2 2560&#215;1600<\/span><\/a><\/p>\n","protected":false},"featured_media":16565,"template":"","meta":[],"product_brand":[3122],"product_cat":[3060],"product_tag":[],"class_list":{"0":"post-16584","1":"product","2":"type-product","3":"status-publish","4":"has-post-thumbnail","6":"product_brand-apple","7":"product_cat-macbook-air-pt","9":"first","10":"outofstock","11":"taxable","12":"shipping-taxable","13":"purchasable","14":"product-type-simple"},"exclude_global_add_ons":true,"addons":{"keyboard-iso-upgrades":{"name":"Selecione idioma teclado","type":"multiple_choice","position":0,"required":false,"title_format":"heading","default":"","description_enable":false,"description":"","placeholder_enable":false,"placeholder":"","display":"radiobutton","restrictions_type":"any_text","adjust_price":false,"price":"","price_type":"quantity_based","restrictions":false,"min":"0","max":"0","options":[{"label":"Pegatinas Franc\u00e9s [AMP00084]","price":"0.0000","price_type":"quantity_based","image":0,"visibility":true},{"label":"Pegatinas Portugues [AMP00083]","price":"0.0000","price_type":"quantity_based","image":0,"visibility":true}]},"mouse-upgrades":{"name":"Extens\u00e3o rato","type":"multiple_choice","position":0,"required":false,"title_format":"heading","default":"","description_enable":false,"description":"","placeholder_enable":false,"placeholder":"","display":"radiobutton","restrictions_type":"any_text","adjust_price":false,"price":"","price_type":"quantity_based","restrictions":false,"min":"0","max":"0","options":[{"label":"Apple Magic Mouse 2 (A1657) [AMP00060]","price":"60.0000","price_type":"quantity_based","image":0,"visibility":true}]},"os-upgrades":{"name":"Extens\u00e3o OS","type":"multiple_choice","position":0,"required":false,"title_format":"heading","default":"","description_enable":false,"description":"","placeholder_enable":false,"placeholder":"","display":"radiobutton","restrictions_type":"any_text","adjust_price":false,"price":"","price_type":"quantity_based","restrictions":false,"min":"0","max":"0","options":[{"label":"Alterar idioma para franc\u00eas [AMP00125]","price":"0.0000","price_type":"quantity_based","image":0,"visibility":true},{"label":"Alterar idioma para ingl\u00eas [AMP00008]","price":"0.0000","price_type":"quantity_based","image":0,"visibility":true},{"label":"Alterar idioma para o portugu\u00eas [AMP00009]","price":"0.0000","price_type":"quantity_based","image":0,"visibility":true}]}},"_links":{"self":[{"href":"https:\/\/digamac.com\/pt-pt\/wp-json\/wp\/v2\/product\/16584","targetHints":{"allow":["GET"]}}],"collection":[{"href":"https:\/\/digamac.com\/pt-pt\/wp-json\/wp\/v2\/product"}],"about":[{"href":"https:\/\/digamac.com\/pt-pt\/wp-json\/wp\/v2\/types\/product"}],"wp:featuredmedia":[{"embeddable":true,"href":"https:\/\/digamac.com\/pt-pt\/wp-json\/wp\/v2\/media\/16565"}],"wp:attachment":[{"href":"https:\/\/digamac.com\/pt-pt\/wp-json\/wp\/v2\/media?parent=16584"}],"wp:term":[{"taxonomy":"product_brand","embeddable":true,"href":"https:\/\/digamac.com\/pt-pt\/wp-json\/wp\/v2\/product_brand?post=16584"},{"taxonomy":"product_cat","embeddable":true,"href":"https:\/\/digamac.com\/pt-pt\/wp-json\/wp\/v2\/product_cat?post=16584"},{"taxonomy":"product_tag","embeddable":true,"href":"https:\/\/digamac.com\/pt-pt\/wp-json\/wp\/v2\/product_tag?post=16584"}],"curies":[{"name":"wp","href":"https:\/\/api.w.org\/{rel}","templated":true}]}}