{"id":2299,"date":"2020-08-04T08:17:31","date_gmt":"2020-08-04T07:17:32","guid":{"rendered":"https:\/\/digamac.com\/producto\/apple-macbook-pro-92-133-core-i7-29ghz-8-gb-ram-128-gb-ssd-1280x800-pt-4996\/"},"modified":"2022-09-08T11:43:49","modified_gmt":"2022-09-08T10:43:49","slug":"apple-macbook-pro-92-133-core-i7-29ghz-8-gb-ram-128-gb-ssd-1280x800-pt-4996","status":"publish","type":"product","link":"https:\/\/digamac.com\/pt-pt\/loja\/sin-categorizar\/apple-macbook-pro-92-133-core-i7-29ghz-8-gb-ram-128-gb-ssd-1280x800-pt-4996\/","title":{"rendered":"Apple MacBook Pro 9,2 13.3&#8221; | Recondicionado | Core i7 2.9GHz | 8 GB RAM | 128 GB SSD 1280&#215;800"},"content":{"rendered":"<p><strong>Processador<\/strong><br \/>Intel Core i7 3520M 2.9 GHz.<br \/><strong>Mem\u00f3ria RAM<\/strong><br \/>8 Gb. SO-DDR3 RAM<br \/><strong>Disco r\u00edgido<\/strong><br \/>128 Gb. SSD<br \/><strong>Drive \u00f3ptico<\/strong><br \/>DVD-RW<br \/><strong>Cart\u00f5es<\/strong><br \/>Placa gr\u00e1fica: Intel HD Graphics 4000<br \/>Som: HD Audio<br \/>Network: Ethernet Gigabit<br \/><strong>Sistema operativo<\/strong><br \/>macOS Catalina<br \/><strong>Portos<\/strong><br \/>1x Firewire<br \/>1x Thunderbolt<br \/>2x USB 3.0<br \/><strong>Tela<\/strong><br \/>Led 13.3 &#8221; HD  16:9  \u00b7 Resolu\u00e7\u00e3o 1280&#215;800<br \/><strong>Multim\u00eddia<\/strong><br \/>Webcam<br \/>Leitor SD<br \/>C\u00e2mera frontal<br \/><strong>Conectividade<\/strong><br \/>1x RJ-45<br \/>WIFI<br \/>Bluetooth<br \/><strong>Espec\u00edfico laptop<\/strong><br \/>Layout do teclado Internacional (adesivos espanhol)<br \/>Adaptador de energia magsafe 1<br \/><strong>Outros<\/strong><br \/>hR embalagens<br \/><strong>Dimens\u00f5es<\/strong><br \/>32.5x23x2.4 cm.<br \/><strong>Peso<\/strong><br \/>2.20 Kg.<br \/><strong>Especifica\u00e7\u00f5es adicionais<\/strong><br \/><u>Bateria testada: dura\u00e7\u00e3o m\u00ednima de 2 horas. <\/u>Esses laptops t\u00eam alguns pequenos arranh\u00f5es ou arranh\u00f5es em sua caixa nas laterais. S\u00e3o pequenas marcas de uso a n\u00edvel est\u00e9tico, nada mais. Caso contr\u00e1rio, o equipamento est\u00e1 em perfeito estado de funcionamento e n\u00e3o possui tela, teclado ou qualquer outro componente afetado. Procure em &#8220;+ Fotos&#8221; e &#8220;V\u00eddeo&#8221; e se tiver alguma d\u00favida nos ligue ou use nosso chat para ampliar as informa\u00e7\u00f5es ou solicitar mais detalhes.<br \/><strong>Coment\u00e1rios<\/strong><br \/><u>Modelo A1278 (Mid. 2012)<\/u><\/p>\n","protected":false},"excerpt":{"rendered":"<p>Intel Core i7 3520M 2.9 GHz. \u00b7 8 Gb. SO-DDR3 RAM \u00b7 128 Gb. SSD \u00b7 DVD-RW \u00b7 macOS Catalina \u00b7 Led 13.3 &#8221; HD  16:9  \u00b7 Resolu\u00e7\u00e3o 1280&#215;800 \u00b7 Webcam \u00b7 Leitor SD \u00b7 C\u00e2mera frontal \u00b7 <u>Modelo A1278 (Mid. 2012)<\/u> [&#8230;]<\/p>\n<p><a class=\"btn btn-secondary understrap-read-more-link\" href=\"https:\/\/digamac.com\/pt-pt\/loja\/sin-categorizar\/apple-macbook-pro-92-133-core-i7-29ghz-8-gb-ram-128-gb-ssd-1280x800-pt-4996\/\">Continuar a ler&#8230;<span class=\"screen-reader-text\"> from Apple MacBook Pro 9,2 13.3&#8221; | Recondicionado | Core i7 2.9GHz | 8 GB RAM | 128 GB SSD 1280&#215;800<\/span><\/a><\/p>\n","protected":false},"featured_media":8257,"template":"","meta":[],"product_brand":[3122],"product_cat":[15,3054],"product_tag":[],"class_list":{"0":"post-2299","1":"product","2":"type-product","3":"status-publish","4":"has-post-thumbnail","6":"product_brand-apple","7":"product_cat-sin-categorizar","8":"product_cat-sem-categoria-pt","10":"first","11":"outofstock","12":"taxable","13":"shipping-taxable","14":"purchasable","15":"product-type-simple"},"exclude_global_add_ons":true,"addons":{"keyboard-iso-upgrades":{"name":"Selecione idioma teclado","type":"multiple_choice","position":0,"required":false,"title_format":"heading","default":"","description_enable":false,"description":"","placeholder_enable":false,"placeholder":"","display":"radiobutton","restrictions_type":"any_text","adjust_price":false,"price":"","price_type":"quantity_based","restrictions":false,"min":"0","max":"0","options":[{"label":"Pegatinas Espanhol [AMP00082]","price":"0.0000","price_type":"quantity_based","image":0,"visibility":true},{"label":"Pegatinas Franc\u00e9s [AMP00084]","price":"0.0000","price_type":"quantity_based","image":0,"visibility":true},{"label":"Pegatinas Portugues [AMP00083]","price":"0.0000","price_type":"quantity_based","image":0,"visibility":true}]},"mouse-upgrades":{"name":"Extens\u00e3o rato","type":"multiple_choice","position":0,"required":false,"title_format":"heading","default":"","description_enable":false,"description":"","placeholder_enable":false,"placeholder":"","display":"radiobutton","restrictions_type":"any_text","adjust_price":false,"price":"","price_type":"quantity_based","restrictions":false,"min":"0","max":"0","options":[{"label":"Apple Magic Mouse 2 (A1657) [AMP00060]","price":"60.0000","price_type":"quantity_based","image":0,"visibility":true},{"label":"Rat\u00f3n Apple USB (A1152) [AMP00053]","price":"15.0000","price_type":"quantity_based","image":0,"visibility":true}]},"ram-memory-upgrades":{"name":"Extens\u00e3o RAM","type":"multiple_choice","position":0,"required":false,"title_format":"heading","default":"","description_enable":false,"description":"","placeholder_enable":false,"placeholder":"","display":"radiobutton","restrictions_type":"any_text","adjust_price":false,"price":"","price_type":"quantity_based","restrictions":false,"min":"0","max":"0","options":[{"label":"Extens\u00e3o SODIM RAM 16 Gb [AMP00004]","price":"50.0000","price_type":"quantity_based","image":0,"visibility":true}]},"hdd-upgrades":{"name":"Extens\u00e3o disco r\u00edgido","type":"multiple_choice","position":0,"required":false,"title_format":"heading","default":"","description_enable":false,"description":"","placeholder_enable":false,"placeholder":"","display":"radiobutton","restrictions_type":"any_text","adjust_price":false,"price":"","price_type":"quantity_based","restrictions":false,"min":"0","max":"0","options":[{"label":"Cambio a Disco SSD 240 Gb. [AMP00013]","price":"39.0000","price_type":"quantity_based","image":0,"visibility":true},{"label":"Cambio a Disco SSD 480 Gb. [AMP00014]","price":"55.0000","price_type":"quantity_based","image":0,"visibility":true},{"label":"Cambio a Disco SSD 1 Tb. [AMP00071]","price":"95.0000","price_type":"quantity_based","image":0,"visibility":true}]}},"_links":{"self":[{"href":"https:\/\/digamac.com\/pt-pt\/wp-json\/wp\/v2\/product\/2299","targetHints":{"allow":["GET"]}}],"collection":[{"href":"https:\/\/digamac.com\/pt-pt\/wp-json\/wp\/v2\/product"}],"about":[{"href":"https:\/\/digamac.com\/pt-pt\/wp-json\/wp\/v2\/types\/product"}],"wp:featuredmedia":[{"embeddable":true,"href":"https:\/\/digamac.com\/pt-pt\/wp-json\/wp\/v2\/media\/8257"}],"wp:attachment":[{"href":"https:\/\/digamac.com\/pt-pt\/wp-json\/wp\/v2\/media?parent=2299"}],"wp:term":[{"taxonomy":"product_brand","embeddable":true,"href":"https:\/\/digamac.com\/pt-pt\/wp-json\/wp\/v2\/product_brand?post=2299"},{"taxonomy":"product_cat","embeddable":true,"href":"https:\/\/digamac.com\/pt-pt\/wp-json\/wp\/v2\/product_cat?post=2299"},{"taxonomy":"product_tag","embeddable":true,"href":"https:\/\/digamac.com\/pt-pt\/wp-json\/wp\/v2\/product_tag?post=2299"}],"curies":[{"name":"wp","href":"https:\/\/api.w.org\/{rel}","templated":true}]}}