{"id":2802,"date":"2020-08-20T14:33:00","date_gmt":"2020-08-20T13:33:00","guid":{"rendered":"https:\/\/digamac.com\/producto\/apple-magic-mouse-2-wireless-pt-5199\/"},"modified":"2026-02-25T09:07:56","modified_gmt":"2026-02-25T08:07:56","slug":"apple-magic-mouse-2-wireless-pt-5199","status":"publish","type":"product","link":"https:\/\/digamac.com\/pt-pt\/loja\/acessorios-pt\/apple-magic-mouse-2-wireless-pt-5199\/","title":{"rendered":"Apple Magic Mouse 2 Wireless Recondicionado"},"content":{"rendered":"<p>O Apple Magic Mouse 2 \u00e9 totalmente recarreg\u00e1vel.<br \/>Conex\u00e3o bluetooth<br \/>Superf\u00edcie multitoque que permite gestos simples, como rolar por documentos, ir de uma p\u00e1gina da web para outra, etc.<strong><br \/>Dimens\u00f5es:<br \/><\/strong>2,16 x 5,71 x 11,35 cm.<strong><br \/>Peso:<br \/><\/strong>99 Grs.<strong><br \/><\/strong><strong><\/strong><\/p>\n","protected":false},"excerpt":{"rendered":"<p>APPLE Magic Mouse 2 A1657 &#8211; Wireless &#8211; Cabo de alimenta\u00e7\u00e3o tipo Lightning para USB inclu\u00eddo. [&#8230;]<\/p>\n<p><a class=\"btn btn-secondary understrap-read-more-link\" href=\"https:\/\/digamac.com\/pt-pt\/loja\/acessorios-pt\/apple-magic-mouse-2-wireless-pt-5199\/\">Continuar a ler&#8230;<span class=\"screen-reader-text\"> from Apple Magic Mouse 2 Wireless Recondicionado<\/span><\/a><\/p>\n","protected":false},"featured_media":8048,"template":"","meta":[],"product_brand":[3122],"product_cat":[2495],"product_tag":[],"class_list":{"0":"post-2802","1":"product","2":"type-product","3":"status-publish","4":"has-post-thumbnail","6":"product_brand-apple","7":"product_cat-acessorios-pt","9":"first","10":"instock","11":"taxable","12":"shipping-taxable","13":"purchasable","14":"product-type-simple"},"exclude_global_add_ons":[],"addons":[],"_links":{"self":[{"href":"https:\/\/digamac.com\/pt-pt\/wp-json\/wp\/v2\/product\/2802","targetHints":{"allow":["GET"]}}],"collection":[{"href":"https:\/\/digamac.com\/pt-pt\/wp-json\/wp\/v2\/product"}],"about":[{"href":"https:\/\/digamac.com\/pt-pt\/wp-json\/wp\/v2\/types\/product"}],"wp:featuredmedia":[{"embeddable":true,"href":"https:\/\/digamac.com\/pt-pt\/wp-json\/wp\/v2\/media\/8048"}],"wp:attachment":[{"href":"https:\/\/digamac.com\/pt-pt\/wp-json\/wp\/v2\/media?parent=2802"}],"wp:term":[{"taxonomy":"product_brand","embeddable":true,"href":"https:\/\/digamac.com\/pt-pt\/wp-json\/wp\/v2\/product_brand?post=2802"},{"taxonomy":"product_cat","embeddable":true,"href":"https:\/\/digamac.com\/pt-pt\/wp-json\/wp\/v2\/product_cat?post=2802"},{"taxonomy":"product_tag","embeddable":true,"href":"https:\/\/digamac.com\/pt-pt\/wp-json\/wp\/v2\/product_tag?post=2802"}],"curies":[{"name":"wp","href":"https:\/\/api.w.org\/{rel}","templated":true}]}}