{"id":6097,"date":"2021-06-02T10:26:42","date_gmt":"2021-06-02T09:26:42","guid":{"rendered":"https:\/\/digamac.com\/producto\/apple-magic-keyboard-2-recondicionado-pt-6071\/"},"modified":"2026-02-25T09:06:44","modified_gmt":"2026-02-25T08:06:44","slug":"apple-magic-keyboard-2-recondicionado-pt-6071","status":"publish","type":"product","link":"https:\/\/digamac.com\/pt-pt\/loja\/acessorios-pt\/apple-magic-keyboard-2-recondicionado-pt-6071\/","title":{"rendered":"Apple Magic Keyboard Recondicionado"},"content":{"rendered":"<p><strong>Tipo:<\/strong><br \/>Teclas Bajo Perfil<br \/><strong>Conexi\u00f3n:<\/strong><br \/>Bluetooth<br \/><strong>Alimentaci\u00f3n:<\/strong><br \/>Bater\u00eda<br \/><strong>Idioma:<\/strong><br \/>Italiano<br \/><strong>Alimentaci\u00f3n:<\/strong><br \/>Cable Alimentaci\u00f3n tipo Lightning a USB Incluido.<br \/><strong>Otros:<\/strong><br \/>Modelo A1644 (MLA22LL\/A)<br \/><strong>Coment\u00e1rios:<\/strong><br \/>Teclado n\u00e3o utilizado. Este teclado nunca foi usado. N\u00e3o inclui a embalagem original da Apple. Fornecido com cabo de carregamento Lightning.<\/p>\n","protected":false},"excerpt":{"rendered":"<p>Teclado Inal\u00e1mbrico APPLE Magic Keyboard 2 &#8211; Tipo: Teclas Bajo Perfil &#8211; Conexi\u00f3n: Bluetooth &#8211; Alimentaci\u00f3n: Bater\u00edas &#8211; Idioma: Italiano &#8211; Cable de Alimentaci\u00f3n tipo Lightning Incluido &#8211; Modelo A1644 [&#8230;]<\/p>\n<p><a class=\"btn btn-secondary understrap-read-more-link\" href=\"https:\/\/digamac.com\/pt-pt\/loja\/acessorios-pt\/apple-magic-keyboard-2-recondicionado-pt-6071\/\">Continuar a ler&#8230;<span class=\"screen-reader-text\"> from Apple Magic Keyboard Recondicionado<\/span><\/a><\/p>\n","protected":false},"featured_media":8020,"template":"","meta":[],"product_brand":[3122],"product_cat":[2495],"product_tag":[],"class_list":{"0":"post-6097","1":"product","2":"type-product","3":"status-publish","4":"has-post-thumbnail","6":"product_brand-apple","7":"product_cat-acessorios-pt","9":"first","10":"instock","11":"taxable","12":"shipping-taxable","13":"purchasable","14":"product-type-simple"},"exclude_global_add_ons":[],"addons":[],"_links":{"self":[{"href":"https:\/\/digamac.com\/pt-pt\/wp-json\/wp\/v2\/product\/6097","targetHints":{"allow":["GET"]}}],"collection":[{"href":"https:\/\/digamac.com\/pt-pt\/wp-json\/wp\/v2\/product"}],"about":[{"href":"https:\/\/digamac.com\/pt-pt\/wp-json\/wp\/v2\/types\/product"}],"wp:featuredmedia":[{"embeddable":true,"href":"https:\/\/digamac.com\/pt-pt\/wp-json\/wp\/v2\/media\/8020"}],"wp:attachment":[{"href":"https:\/\/digamac.com\/pt-pt\/wp-json\/wp\/v2\/media?parent=6097"}],"wp:term":[{"taxonomy":"product_brand","embeddable":true,"href":"https:\/\/digamac.com\/pt-pt\/wp-json\/wp\/v2\/product_brand?post=6097"},{"taxonomy":"product_cat","embeddable":true,"href":"https:\/\/digamac.com\/pt-pt\/wp-json\/wp\/v2\/product_cat?post=6097"},{"taxonomy":"product_tag","embeddable":true,"href":"https:\/\/digamac.com\/pt-pt\/wp-json\/wp\/v2\/product_tag?post=6097"}],"curies":[{"name":"wp","href":"https:\/\/api.w.org\/{rel}","templated":true}]}}