{"id":8914,"date":"2022-09-26T17:01:42","date_gmt":"2022-09-26T16:01:44","guid":{"rendered":"https:\/\/digamac.com\/producto\/apple-macbook-pro-113-retina-156-recondicionado-core-i7-26ghz-16-gb-ram-1024-gb-ssd-2880x1800-pt-9936\/"},"modified":"2023-01-13T14:09:32","modified_gmt":"2023-01-13T13:09:32","slug":"apple-macbook-pro-113-retina-156-recondicionado-core-i7-26ghz-16-gb-ram-1024-gb-ssd-2880x1800-pt-9936","status":"publish","type":"product","link":"https:\/\/digamac.com\/pt-pt\/loja\/sin-categorizar\/apple-macbook-pro-113-retina-156-recondicionado-core-i7-26ghz-16-gb-ram-1024-gb-ssd-2880x1800-pt-9936\/","title":{"rendered":"Apple MacBook Pro 11,3 Retina 15.6&#8221; | Recondicionado | Core i7 2.6GHz | 16 GB RAM | 1024 GB SSD 2880&#215;1800"},"content":{"rendered":"<p><strong>Processador<\/strong><br \/>Intel Core i7 4960HQ 2.6 GHz.<br \/><strong>Mem\u00f3ria RAM<\/strong><br \/>16 Gb. SO-DDR3 RAM<br \/><strong>Disco r\u00edgido<\/strong><br \/>1.00 Tb. SSD<br \/><strong>Cart\u00f5es<\/strong><br \/>Placa gr\u00e1fica: Nvidia Geforce GT750M 2Gb. GDDR5<br \/>Som: HD Audio<br \/><strong>Sistema operativo<\/strong><br \/>macOS Big Sur<br \/><strong>Portos<\/strong><br \/>2x Thunderbolt<br \/>2x USB 3.0<br \/><strong>Tela<\/strong><br \/>Retina 15.6 &#8221; 2K  16:10  \u00b7 Resolu\u00e7\u00e3o 2880&#215;1800<br \/><strong>Portas de v\u00eddeo<\/strong><br \/>1x HDMI<br \/><strong>Multim\u00eddia<\/strong><br \/>Webcam<br \/>Leitor SD<br \/><strong>Conectividade<\/strong><br \/>WIFI<br \/>Bluetooth<br \/><strong>Espec\u00edfico laptop<\/strong><br \/>Layout do teclado Internacional (adesivos espanhol)<br \/>Adaptador de energia magsafe 2<br \/><strong>Outros<\/strong><br \/>hR embalagens<br \/><strong>Dimens\u00f5es<\/strong><br \/>35.8&#215;24.8&#215;1.8 cm.<br \/><strong>Peso<\/strong><br \/>2.00 Kg.<br \/><strong>Especifica\u00e7\u00f5es adicionais<\/strong><br \/>Boa apar\u00eancia l\u00e1 fora. Tela perfeita sem pontos brancos ou arranh\u00f5es. Processador i7 de 4\u00aa gera\u00e7\u00e3o, 16 Gb. de mem\u00f3ria, disco SSD e tela Retina de 15,6&#8243; o tornam muito adequado para qualquer tipo de ambiente. Em n\u00edvel funcional, o sistema operacional est\u00e1 instalado e pronto para funcionar. Sem d\u00favida um \u00f3tima oportunidade de adquirir um MacBook e come\u00e7ar a desfrutar dos benef\u00edcios do ambiente Apple Veja \u201c+ Fotos\u201d e \u201cV\u00eddeo\u201d e se tiver alguma d\u00favida, ligue para n\u00f3s ou use nosso chat para mais informa\u00e7\u00f5es ou para solicitar mais detalhes .<\/p>\n<p><strong>Coment\u00e1rios<\/strong><br \/><u>Modelo A1398 (Late 2013)<\/u><\/p>\n","protected":false},"excerpt":{"rendered":"<p>Intel Core i7 4960HQ 2.6 GHz. \u00b7 16 Gb. SO-DDR3 RAM \u00b7 1.00 Tb. SSD \u00b7 macOS Big Sur \u00b7 Retina 15.6 &#8221; 2K  16:10  \u00b7 Resolu\u00e7\u00e3o 2880&#215;1800 \u00b7 Webcam \u00b7 Leitor SD \u00b7 <u>Modelo A1398 (Late 2013)<\/u> [&#8230;]<\/p>\n<p><a class=\"btn btn-secondary understrap-read-more-link\" href=\"https:\/\/digamac.com\/pt-pt\/loja\/sin-categorizar\/apple-macbook-pro-113-retina-156-recondicionado-core-i7-26ghz-16-gb-ram-1024-gb-ssd-2880x1800-pt-9936\/\">Continuar a ler&#8230;<span class=\"screen-reader-text\"> from Apple MacBook Pro 11,3 Retina 15.6&#8221; | Recondicionado | Core i7 2.6GHz | 16 GB RAM | 1024 GB SSD 2880&#215;1800<\/span><\/a><\/p>\n","protected":false},"featured_media":8895,"template":"","meta":[],"product_brand":[3122],"product_cat":[15,3054],"product_tag":[],"class_list":{"0":"post-8914","1":"product","2":"type-product","3":"status-publish","4":"has-post-thumbnail","6":"product_brand-apple","7":"product_cat-sin-categorizar","8":"product_cat-sem-categoria-pt","10":"first","11":"outofstock","12":"taxable","13":"shipping-taxable","14":"purchasable","15":"product-type-simple"},"exclude_global_add_ons":true,"addons":{"keyboard-iso-upgrades":{"name":"Selecione idioma teclado","type":"multiple_choice","position":0,"required":false,"title_format":"heading","default":"","description_enable":false,"description":"","placeholder_enable":false,"placeholder":"","display":"radiobutton","restrictions_type":"any_text","adjust_price":false,"price":"","price_type":"quantity_based","restrictions":false,"min":"0","max":"0","options":[{"label":"Pegatinas Espanhol [AMP00082]","price":"0.0000","price_type":"quantity_based","image":0,"visibility":true},{"label":"Pegatinas Franc\u00e9s [AMP00084]","price":"0.0000","price_type":"quantity_based","image":0,"visibility":true},{"label":"Pegatinas Portugues [AMP00083]","price":"0.0000","price_type":"quantity_based","image":0,"visibility":true}]},"mouse-upgrades":{"name":"Extens\u00e3o rato","type":"multiple_choice","position":0,"required":false,"title_format":"heading","default":"","description_enable":false,"description":"","placeholder_enable":false,"placeholder":"","display":"radiobutton","restrictions_type":"any_text","adjust_price":false,"price":"","price_type":"quantity_based","restrictions":false,"min":"0","max":"0","options":[{"label":"Apple Magic Mouse 2 (A1657) [AMP00060]","price":"60.0000","price_type":"quantity_based","image":0,"visibility":true},{"label":"Rat\u00f3n Apple USB (A1152) [AMP00053]","price":"15.0000","price_type":"quantity_based","image":0,"visibility":true}]}},"_links":{"self":[{"href":"https:\/\/digamac.com\/pt-pt\/wp-json\/wp\/v2\/product\/8914","targetHints":{"allow":["GET"]}}],"collection":[{"href":"https:\/\/digamac.com\/pt-pt\/wp-json\/wp\/v2\/product"}],"about":[{"href":"https:\/\/digamac.com\/pt-pt\/wp-json\/wp\/v2\/types\/product"}],"wp:featuredmedia":[{"embeddable":true,"href":"https:\/\/digamac.com\/pt-pt\/wp-json\/wp\/v2\/media\/8895"}],"wp:attachment":[{"href":"https:\/\/digamac.com\/pt-pt\/wp-json\/wp\/v2\/media?parent=8914"}],"wp:term":[{"taxonomy":"product_brand","embeddable":true,"href":"https:\/\/digamac.com\/pt-pt\/wp-json\/wp\/v2\/product_brand?post=8914"},{"taxonomy":"product_cat","embeddable":true,"href":"https:\/\/digamac.com\/pt-pt\/wp-json\/wp\/v2\/product_cat?post=8914"},{"taxonomy":"product_tag","embeddable":true,"href":"https:\/\/digamac.com\/pt-pt\/wp-json\/wp\/v2\/product_tag?post=8914"}],"curies":[{"name":"wp","href":"https:\/\/api.w.org\/{rel}","templated":true}]}}