{"id":9067,"date":"2022-09-29T08:30:39","date_gmt":"2022-09-29T07:30:42","guid":{"rendered":"https:\/\/digamac.com\/producto\/apple-macbook-pro-152-space-grey-133-recondicionado-core-i7-27ghz-16-gb-ram-256-gb-ssd-m2-2560x1600-pt-9938\/"},"modified":"2023-09-14T18:21:04","modified_gmt":"2023-09-14T17:21:04","slug":"apple-macbook-pro-152-space-grey-133-recondicionado-core-i7-27ghz-16-gb-ram-256-gb-ssd-m2-2560x1600-pt-9938","status":"publish","type":"product","link":"https:\/\/digamac.com\/pt-pt\/loja\/macbook-pro-pt\/macbook-pro-13-pt\/apple-macbook-pro-152-space-grey-133-recondicionado-core-i7-27ghz-16-gb-ram-256-gb-ssd-m2-2560x1600-pt-9938\/","title":{"rendered":"Apple MacBook Pro 15,2-Impecable 13.3&#8221; | Recondicionado | Core i7 2.7GHz | 16 GB RAM | 256 GB SSD M2 2560&#215;1600"},"content":{"rendered":"<p><strong>Processador<\/strong><br \/>Intel Core i7 8559U 2.7 GHz.<br \/><strong>Mem\u00f3ria RAM<\/strong><br \/>16 Gb. SO-DDR3 RAM<br \/><strong>Disco r\u00edgido<\/strong><br \/>256 Gb. SSD M2<br \/><strong>Cart\u00f5es<\/strong><br \/>Placa gr\u00e1fica: Intel Iris Plus Graphics 655<br \/>Som: HD Audio<br \/><strong>Sistema operativo<\/strong><br \/>macOS Monterey<br \/><strong>Portos<\/strong><br \/>4x USB-C<br \/><strong>Tela<\/strong><br \/>Retina 13.3 &#8221; 2K  16:9  \u00b7 Resolu\u00e7\u00e3o 2560&#215;1600<br \/><strong>Multim\u00eddia<\/strong><br \/>Webcam<br \/><strong>Conectividade<\/strong><br \/>WIFI<br \/>Bluetooth<br \/><strong>Espec\u00edfico laptop<\/strong><br \/>Layout do teclado Internacional (adesivos espanhol)<br \/><strong>Outros<\/strong><br \/>hR embalagens<br \/><strong>Dimens\u00f5es<\/strong><br \/>34.9&#215;13.7&#215;1.5 cm.<br \/><strong>Peso<\/strong><br \/>1.83 Kg.<br \/><strong>Especifica\u00e7\u00f5es adicionais<\/strong><br \/>Apar\u00eancia externa impec\u00e1vel. Semi novo. Processador i7 de 8\u00aa gera\u00e7\u00e3o, 16 GB de mem\u00f3ria, disco SSD e tela Retina o tornam muito adequado para qualquer tipo de ambiente. A n\u00edvel funcional tem o Sistema Operativo instalado e pronto a funcionar. Sem d\u00favida uma grande oportunidade de adquirir um MacBook e come\u00e7ar a usufruir das vantagens do ambiente Apple, procure em &#8220;+ Fotos&#8221; e &#8220;V\u00eddeo&#8221; e se tiver alguma d\u00favida ligue-nos ou utilize o nosso chat para obter mais informa\u00e7\u00f5es ou para solicite mais detalhes.<br \/><strong>Coment\u00e1rios<\/strong><br \/><u>Modelo A1989 (2018) &#8211; Perfeito &#8211; Space Grey<\/u><\/p>\n","protected":false},"excerpt":{"rendered":"<p>Intel Core i7 8559U 2.7 GHz. \u00b7 16 Gb. SO-DDR3 RAM \u00b7 256 Gb. SSD M2 \u00b7 macOS Monterey \u00b7 Retina 13.3 &#8221; 2K  16:9  \u00b7 Resolu\u00e7\u00e3o 2560&#215;1600 \u00b7 Webcam \u00b7 <u>Modelo A1989 (2018) &#8211; Perfeito &#8211; Space Grey<\/u> [&#8230;]<\/p>\n<p><a class=\"btn btn-secondary understrap-read-more-link\" href=\"https:\/\/digamac.com\/pt-pt\/loja\/macbook-pro-pt\/macbook-pro-13-pt\/apple-macbook-pro-152-space-grey-133-recondicionado-core-i7-27ghz-16-gb-ram-256-gb-ssd-m2-2560x1600-pt-9938\/\">Continuar a ler&#8230;<span class=\"screen-reader-text\"> from Apple MacBook Pro 15,2-Impecable 13.3&#8221; | Recondicionado | Core i7 2.7GHz | 16 GB RAM | 256 GB SSD M2 2560&#215;1600<\/span><\/a><\/p>\n","protected":false},"featured_media":9042,"template":"","meta":[],"product_brand":[3122],"product_cat":[3063,3057],"product_tag":[],"class_list":{"0":"post-9067","1":"product","2":"type-product","3":"status-publish","4":"has-post-thumbnail","6":"product_brand-apple","7":"product_cat-macbook-pro-13-pt","8":"product_cat-macbook-pro-pt","10":"first","11":"outofstock","12":"taxable","13":"shipping-taxable","14":"purchasable","15":"product-type-simple"},"exclude_global_add_ons":true,"addons":{"keyboard-iso-upgrades":{"name":"Selecione idioma teclado","type":"multiple_choice","position":0,"required":false,"title_format":"heading","default":"","description_enable":false,"description":"","placeholder_enable":false,"placeholder":"","display":"radiobutton","restrictions_type":"any_text","adjust_price":false,"price":"","price_type":"quantity_based","restrictions":false,"min":"0","max":"0","options":[{"label":"Pegatinas Espanhol [AMP00082]","price":"0.0000","price_type":"quantity_based","image":0,"visibility":true},{"label":"Pegatinas Franc\u00e9s [AMP00084]","price":"0.0000","price_type":"quantity_based","image":0,"visibility":true},{"label":"Pegatinas Portugues [AMP00083]","price":"0.0000","price_type":"quantity_based","image":0,"visibility":true}]},"mouse-upgrades":{"name":"Extens\u00e3o rato","type":"multiple_choice","position":0,"required":false,"title_format":"heading","default":"","description_enable":false,"description":"","placeholder_enable":false,"placeholder":"","display":"radiobutton","restrictions_type":"any_text","adjust_price":false,"price":"","price_type":"quantity_based","restrictions":false,"min":"0","max":"0","options":[{"label":"Apple Magic Mouse 2 (A1657) [AMP00060]","price":"60.0000","price_type":"quantity_based","image":0,"visibility":true},{"label":"Rat\u00f3n Apple USB (A1152) [AMP00053]","price":"15.0000","price_type":"quantity_based","image":0,"visibility":true}]}},"_links":{"self":[{"href":"https:\/\/digamac.com\/pt-pt\/wp-json\/wp\/v2\/product\/9067","targetHints":{"allow":["GET"]}}],"collection":[{"href":"https:\/\/digamac.com\/pt-pt\/wp-json\/wp\/v2\/product"}],"about":[{"href":"https:\/\/digamac.com\/pt-pt\/wp-json\/wp\/v2\/types\/product"}],"wp:featuredmedia":[{"embeddable":true,"href":"https:\/\/digamac.com\/pt-pt\/wp-json\/wp\/v2\/media\/9042"}],"wp:attachment":[{"href":"https:\/\/digamac.com\/pt-pt\/wp-json\/wp\/v2\/media?parent=9067"}],"wp:term":[{"taxonomy":"product_brand","embeddable":true,"href":"https:\/\/digamac.com\/pt-pt\/wp-json\/wp\/v2\/product_brand?post=9067"},{"taxonomy":"product_cat","embeddable":true,"href":"https:\/\/digamac.com\/pt-pt\/wp-json\/wp\/v2\/product_cat?post=9067"},{"taxonomy":"product_tag","embeddable":true,"href":"https:\/\/digamac.com\/pt-pt\/wp-json\/wp\/v2\/product_tag?post=9067"}],"curies":[{"name":"wp","href":"https:\/\/api.w.org\/{rel}","templated":true}]}}