{"id":9355,"date":"2022-10-05T14:20:15","date_gmt":"2022-10-05T13:20:17","guid":{"rendered":"https:\/\/digamac.com\/producto\/apple-imac-142-27-a1419-recondicionado-core-i5-32ghz-8-gb-ram-256-gb-ssd-aio-pt-9960\/"},"modified":"2023-08-04T10:36:36","modified_gmt":"2023-08-04T09:36:36","slug":"apple-imac-142-27-a1419-recondicionado-core-i5-32ghz-8-gb-ram-256-gb-ssd-aio-pt-9960","status":"publish","type":"product","link":"https:\/\/digamac.com\/pt-pt\/loja\/imac-pt\/apple-imac-142-27-a1419-recondicionado-core-i5-32ghz-8-gb-ram-256-gb-ssd-aio-pt-9960\/","title":{"rendered":"Apple iMac 14,2 &#8211;  27&#8243; A1419 | Recondicionado | Core i5 3.2GHz | 8 GB RAM | 256 GB SSD AIO"},"content":{"rendered":"<p><strong>Processador<\/strong><br \/>Intel Core i5 4570 3.2 GHz.<br \/><strong>Fator de forma<\/strong><br \/>AIO<br \/><strong>Mem\u00f3ria RAM<\/strong><br \/>8 Gb. SO-DDR3 RAM<br \/><strong>Disco r\u00edgido<\/strong><br \/>256 Gb. SSD<br \/><strong>Cart\u00f5es<\/strong><br \/>Placa gr\u00e1fica: Nvidea GeForce GTX775M<br \/>Som: HD Audio<br \/>Network: Ethernet Gigabit<br \/><strong>Sistema operativo<\/strong><br \/>macOS Catalina<br \/><strong>Portos<\/strong><br \/>2x Thunderbolt<br \/>4x USB 3.0<br \/><strong>Tela<\/strong><br \/>Led 27 &#8221; 2K  16:9  \u00b7 Resolu\u00e7\u00e3o 2560&#215;1440<br \/><strong>Multim\u00eddia<\/strong><br \/>Webcam<br \/>Leitor SD<br \/><strong>Conectividade<\/strong><br \/>1x RJ-45<br \/>WIFI<br \/>Bluetooth<br \/><strong>Dimens\u00f5es<\/strong><br \/>51.6x65x20.3 cm.<br \/><strong>Peso<\/strong><br \/>9.54 Kg.<br \/><strong>Especifica\u00e7\u00f5es adicionais<\/strong><br \/>Voc\u00ea pode selecionar em &#8221;Op\u00e7\u00f5es&#8221;, teclados e mouses para iMac da APPLE. Se tiver d\u00favidas sobre quais modelos correspondem, voc\u00ea pode consultar cada modelo selecionado na se\u00e7\u00e3o &#8221;ACESS\u00d3RIOS APPLE&#8221;, l\u00e1 voc\u00ea tamb\u00e9m pode ver fotos da op\u00e7\u00e3o selecionada. Boa apar\u00eancia l\u00e1 fora. O produto possui o Sistema Operacional instalado e pronto para funcionar. Sem d\u00favida uma grande oportunidade de adquirir um iMac e come\u00e7ar a usufruir dos benef\u00edcios do ambiente Apple. Procure em &#8220;+ Fotos&#8221; e &#8220;V\u00eddeo&#8221; e se tiver alguma d\u00favida nos ligue ou use nosso chat para ampliar as informa\u00e7\u00f5es ou solicitar mais detalhes.<\/p>\n<p><strong>Coment\u00e1rios<\/strong><br \/><u>Modelo A1419 (Late 2013) &#8211; Teclado e Mouse n\u00e3o Inclusos<\/u><\/p>\n","protected":false},"excerpt":{"rendered":"<p>Intel Core i5 4570 3.2 GHz. \u00b7 8 Gb. SO-DDR3 RAM \u00b7 256 Gb. SSD \u00b7 macOS Catalina \u00b7 Led 27 &#8221; 2K  16:9  \u00b7 Resolu\u00e7\u00e3o 2560&#215;1440 \u00b7 <u>Modelo A1419 (Late 2013) &#8211; Teclado e Mouse n\u00e3o Inclusos<\/u> [&#8230;]<\/p>\n<p><a class=\"btn btn-secondary understrap-read-more-link\" href=\"https:\/\/digamac.com\/pt-pt\/loja\/imac-pt\/apple-imac-142-27-a1419-recondicionado-core-i5-32ghz-8-gb-ram-256-gb-ssd-aio-pt-9960\/\">Continuar a ler&#8230;<span class=\"screen-reader-text\"> from Apple iMac 14,2 &#8211;  27&#8243; A1419 | Recondicionado | Core i5 3.2GHz | 8 GB RAM | 256 GB SSD AIO<\/span><\/a><\/p>\n","protected":false},"featured_media":9333,"template":"","meta":[],"product_brand":[3122],"product_cat":[2498],"product_tag":[],"class_list":{"0":"post-9355","1":"product","2":"type-product","3":"status-publish","4":"has-post-thumbnail","6":"product_brand-apple","7":"product_cat-imac-pt","9":"first","10":"outofstock","11":"taxable","12":"shipping-taxable","13":"purchasable","14":"product-type-simple"},"exclude_global_add_ons":true,"addons":{"mouse-upgrades":{"name":"Extens\u00e3o rato","type":"multiple_choice","position":0,"required":false,"title_format":"heading","default":"","description_enable":false,"description":"","placeholder_enable":false,"placeholder":"","display":"radiobutton","restrictions_type":"any_text","adjust_price":false,"price":"","price_type":"quantity_based","restrictions":false,"min":"0","max":"0","options":[{"label":"Apple Magic Mouse 2 (A1657) [AMP00060]","price":"60.0000","price_type":"quantity_based","image":0,"visibility":true},{"label":"Rat\u00f3n Apple USB (A1152) [AMP00053]","price":"15.0000","price_type":"quantity_based","image":0,"visibility":true}]},"ram-memory-upgrades":{"name":"Extens\u00e3o RAM","type":"multiple_choice","position":0,"required":false,"title_format":"heading","default":"","description_enable":false,"description":"","placeholder_enable":false,"placeholder":"","display":"radiobutton","restrictions_type":"any_text","adjust_price":false,"price":"","price_type":"quantity_based","restrictions":false,"min":"0","max":"0","options":[{"label":"Extens\u00e3o SODIM RAM 16 Gb DDR3 [AMP00004]","price":"50.0000","price_type":"quantity_based","image":0,"visibility":true}]},"keyboard-upgrades":{"name":"Extens\u00e3o teclado","type":"multiple_choice","position":0,"required":false,"title_format":"heading","default":"","description_enable":false,"description":"","placeholder_enable":false,"placeholder":"","display":"radiobutton","restrictions_type":"any_text","adjust_price":false,"price":"","price_type":"quantity_based","restrictions":false,"min":"0","max":"0","options":[{"label":"Teclado Apple USB International (adesivos) (A1243) [AMP00100]","price":"39.0000","price_type":"quantity_based","image":0,"visibility":true},{"label":"Apple Magic Keyboard Espanhol Refurbished (A1644) [AMP00067]","price":"70.0000","price_type":"quantity_based","image":0,"visibility":true},{"label":"Apple Magic Keyboard Portugues Refurbished (A1644) [AMP00070]","price":"70.0000","price_type":"quantity_based","image":0,"visibility":true},{"label":"Teclado sem fio Apple International (adesivos) (A1314) [AMP00069]","price":"39.0000","price_type":"quantity_based","image":0,"visibility":true}]}},"_links":{"self":[{"href":"https:\/\/digamac.com\/pt-pt\/wp-json\/wp\/v2\/product\/9355","targetHints":{"allow":["GET"]}}],"collection":[{"href":"https:\/\/digamac.com\/pt-pt\/wp-json\/wp\/v2\/product"}],"about":[{"href":"https:\/\/digamac.com\/pt-pt\/wp-json\/wp\/v2\/types\/product"}],"wp:featuredmedia":[{"embeddable":true,"href":"https:\/\/digamac.com\/pt-pt\/wp-json\/wp\/v2\/media\/9333"}],"wp:attachment":[{"href":"https:\/\/digamac.com\/pt-pt\/wp-json\/wp\/v2\/media?parent=9355"}],"wp:term":[{"taxonomy":"product_brand","embeddable":true,"href":"https:\/\/digamac.com\/pt-pt\/wp-json\/wp\/v2\/product_brand?post=9355"},{"taxonomy":"product_cat","embeddable":true,"href":"https:\/\/digamac.com\/pt-pt\/wp-json\/wp\/v2\/product_cat?post=9355"},{"taxonomy":"product_tag","embeddable":true,"href":"https:\/\/digamac.com\/pt-pt\/wp-json\/wp\/v2\/product_tag?post=9355"}],"curies":[{"name":"wp","href":"https:\/\/api.w.org\/{rel}","templated":true}]}}