{"id":9608,"date":"2022-10-31T12:46:27","date_gmt":"2022-10-31T11:46:27","guid":{"rendered":"https:\/\/digamac.com\/producto\/apple-ipad-2-64gb-wi-fi-97-recondicionado-a5-1ghz-05-gb-ram-64-gb-flash-1024x768-pt-9843\/"},"modified":"2026-02-25T09:08:20","modified_gmt":"2026-02-25T08:08:20","slug":"apple-ipad-2-64gb-wi-fi-97-recondicionado-a5-1ghz-05-gb-ram-64-gb-flash-1024x768-pt-9843","status":"publish","type":"product","link":"https:\/\/digamac.com\/pt-pt\/loja\/ipad-pt\/apple-ipad-2-64gb-wi-fi-97-recondicionado-a5-1ghz-05-gb-ram-64-gb-flash-1024x768-pt-9843\/","title":{"rendered":"Apple iPad-2 64Gb (Wi-Fi) 9.7&#8221; | Recondicionado | A5 1GHz | 0.5 GB RAM | 64 GB FLASH 1024&#215;768"},"content":{"rendered":"<p><strong>Processador<\/strong><br \/>Apple A5 1 GHz.<br \/><strong>Fator de forma<\/strong><br \/>AIO<br \/><strong>Mem\u00f3ria RAM<\/strong><br \/>512 Mb. SO-DDR2 RAM<br \/><strong>Disco r\u00edgido<\/strong><br \/>64 Gb. FLASH<br \/><strong>Cart\u00f5es<\/strong><br \/>Som: HD Audio<br \/><strong>Sistema operativo<\/strong><br \/>iOS<br \/><strong>Tela<\/strong><br \/>T\u00e1til 9.7 &#8221; HD  16:9  \u00b7 Resolu\u00e7\u00e3o 1024&#215;768<br \/><strong>Multim\u00eddia<\/strong><br \/>C\u00e2mera traseira<br \/>C\u00e2mera frontal<br \/><strong>Conectividade<\/strong><br \/>WIFI<br \/>Bluetooth<br \/><strong>Dimens\u00f5es<\/strong><br \/>24&#215;118.5&#215;1 cm.<br \/><strong>Peso<\/strong><br \/>0.60 Kg.<br \/><strong>Especifica\u00e7\u00f5es adicionais<\/strong><br \/>Boa apar\u00eancia l\u00e1 fora. Procure em &#8220;+ Fotos&#8221; e se tiver alguma d\u00favida nos ligue ou use nosso chat para ampliar as informa\u00e7\u00f5es ou solicitar mais detalhes.<\/p>\n<p><strong>Coment\u00e1rios<\/strong><br \/><u>Modelo A1396 (2011) &#8211; iOS 9.3.5<\/u><\/p>\n","protected":false},"excerpt":{"rendered":"<p>Apple A5 1 GHz. \u00b7 512 Mb. SO-DDR2 RAM \u00b7 64 Gb. FLASH \u00b7 iOS \u00b7 T\u00e1til 9.7 &#8221; HD  16:9  \u00b7 Resolu\u00e7\u00e3o 1024&#215;768 \u00b7 <u>Modelo A1396 (2011) &#8211; iOS 9.3.5<\/u> [&#8230;]<\/p>\n<p><a class=\"btn btn-secondary understrap-read-more-link\" href=\"https:\/\/digamac.com\/pt-pt\/loja\/ipad-pt\/apple-ipad-2-64gb-wi-fi-97-recondicionado-a5-1ghz-05-gb-ram-64-gb-flash-1024x768-pt-9843\/\">Continuar a ler&#8230;<span class=\"screen-reader-text\"> from Apple iPad-2 64Gb (Wi-Fi) 9.7&#8221; | Recondicionado | A5 1GHz | 0.5 GB RAM | 64 GB FLASH 1024&#215;768<\/span><\/a><\/p>\n","protected":false},"featured_media":9586,"template":"","meta":[],"product_brand":[3122],"product_cat":[2501],"product_tag":[],"class_list":{"0":"post-9608","1":"product","2":"type-product","3":"status-publish","4":"has-post-thumbnail","6":"product_brand-apple","7":"product_cat-ipad-pt","9":"first","10":"instock","11":"taxable","12":"shipping-taxable","13":"purchasable","14":"product-type-simple"},"exclude_global_add_ons":[],"addons":[],"_links":{"self":[{"href":"https:\/\/digamac.com\/pt-pt\/wp-json\/wp\/v2\/product\/9608","targetHints":{"allow":["GET"]}}],"collection":[{"href":"https:\/\/digamac.com\/pt-pt\/wp-json\/wp\/v2\/product"}],"about":[{"href":"https:\/\/digamac.com\/pt-pt\/wp-json\/wp\/v2\/types\/product"}],"wp:featuredmedia":[{"embeddable":true,"href":"https:\/\/digamac.com\/pt-pt\/wp-json\/wp\/v2\/media\/9586"}],"wp:attachment":[{"href":"https:\/\/digamac.com\/pt-pt\/wp-json\/wp\/v2\/media?parent=9608"}],"wp:term":[{"taxonomy":"product_brand","embeddable":true,"href":"https:\/\/digamac.com\/pt-pt\/wp-json\/wp\/v2\/product_brand?post=9608"},{"taxonomy":"product_cat","embeddable":true,"href":"https:\/\/digamac.com\/pt-pt\/wp-json\/wp\/v2\/product_cat?post=9608"},{"taxonomy":"product_tag","embeddable":true,"href":"https:\/\/digamac.com\/pt-pt\/wp-json\/wp\/v2\/product_tag?post=9608"}],"curies":[{"name":"wp","href":"https:\/\/api.w.org\/{rel}","templated":true}]}}