{"id":9635,"date":"2022-10-31T12:57:02","date_gmt":"2022-10-31T11:57:04","guid":{"rendered":"https:\/\/digamac.com\/producto\/apple-ipad-3-32-gb-wi-ficelular-97-recondicionado-a5-1ghz-1-gb-ram-32-gb-flash-2048x1536-pt-9841\/"},"modified":"2023-10-17T11:26:05","modified_gmt":"2023-10-17T10:26:05","slug":"apple-ipad-3-32-gb-wi-ficelular-97-recondicionado-a5-1ghz-1-gb-ram-32-gb-flash-2048x1536-pt-9841","status":"publish","type":"product","link":"https:\/\/digamac.com\/pt-pt\/loja\/ipad-pt\/apple-ipad-3-32-gb-wi-ficelular-97-recondicionado-a5-1ghz-1-gb-ram-32-gb-flash-2048x1536-pt-9841\/","title":{"rendered":"Apple iPad 3,2 32 Gb. (Wi-Fi+Celular) 9.7&#8221; | Recondicionado | A5 1GHz | 1 GB RAM | 32 GB FLASH 2048&#215;1536"},"content":{"rendered":"<p><strong>Processador<\/strong><br \/>Apple A5 A5X 1 GHz.<br \/><strong>Mem\u00f3ria RAM<\/strong><br \/>1 Gb. DDR2 RAM<br \/><strong>Disco r\u00edgido<\/strong><br \/>32 Gb. FLASH<br \/><strong>Sistema operativo<\/strong><br \/>iOS<br \/><strong>Tela<\/strong><br \/>Led 9.7 &#8221; 2K   \u00b7 Resolu\u00e7\u00e3o 2048&#215;1536<br \/><strong>Multim\u00eddia<\/strong><br \/>C\u00e2mera traseira<br \/>C\u00e2mera frontal<br \/><strong>Conectividade<\/strong><br \/>WIFI<br \/>Bluetooth<br \/>4G<br \/><strong>Dimens\u00f5es<\/strong><br \/>24x17x1 cm.<br \/><strong>Peso<\/strong><br \/>0.50 Kg.<br \/><strong>Especifica\u00e7\u00f5es adicionais<\/strong><br \/>Bom aspecto exterior. Veja &#8220;+ Fotos&#8221; e &#8220;V\u00eddeo&#8221; e se tiver alguma d\u00favida contacte-nos ou utilize o nosso chat para mais informa\u00e7\u00f5es ou para pedir mais detalhes.<\/p>\n<p><strong>Coment\u00e1rios<\/strong><br \/><u>Modelo A1403 (Mid. 2012)- IOS 9.3.6<\/u><\/p>\n","protected":false},"excerpt":{"rendered":"<p>Apple A5 A5X 1 GHz. \u00b7 1 Gb. DDR2 RAM \u00b7 32 Gb. FLASH \u00b7 iOS \u00b7 Led 9.7 &#8221; 2K   \u00b7 Resolu\u00e7\u00e3o 2048&#215;1536 \u00b7 <u>Modelo A1403 (Mid. 2012)- IOS 9.3.6<\/u> [&#8230;]<\/p>\n<p><a class=\"btn btn-secondary understrap-read-more-link\" href=\"https:\/\/digamac.com\/pt-pt\/loja\/ipad-pt\/apple-ipad-3-32-gb-wi-ficelular-97-recondicionado-a5-1ghz-1-gb-ram-32-gb-flash-2048x1536-pt-9841\/\">Continuar a ler&#8230;<span class=\"screen-reader-text\"> from Apple iPad 3,2 32 Gb. (Wi-Fi+Celular) 9.7&#8221; | Recondicionado | A5 1GHz | 1 GB RAM | 32 GB FLASH 2048&#215;1536<\/span><\/a><\/p>\n","protected":false},"featured_media":9613,"template":"","meta":[],"product_brand":[3122],"product_cat":[2501],"product_tag":[],"class_list":{"0":"post-9635","1":"product","2":"type-product","3":"status-publish","4":"has-post-thumbnail","6":"product_brand-apple","7":"product_cat-ipad-pt","9":"first","10":"outofstock","11":"taxable","12":"shipping-taxable","13":"purchasable","14":"product-type-simple"},"exclude_global_add_ons":[],"addons":[],"_links":{"self":[{"href":"https:\/\/digamac.com\/pt-pt\/wp-json\/wp\/v2\/product\/9635","targetHints":{"allow":["GET"]}}],"collection":[{"href":"https:\/\/digamac.com\/pt-pt\/wp-json\/wp\/v2\/product"}],"about":[{"href":"https:\/\/digamac.com\/pt-pt\/wp-json\/wp\/v2\/types\/product"}],"wp:featuredmedia":[{"embeddable":true,"href":"https:\/\/digamac.com\/pt-pt\/wp-json\/wp\/v2\/media\/9613"}],"wp:attachment":[{"href":"https:\/\/digamac.com\/pt-pt\/wp-json\/wp\/v2\/media?parent=9635"}],"wp:term":[{"taxonomy":"product_brand","embeddable":true,"href":"https:\/\/digamac.com\/pt-pt\/wp-json\/wp\/v2\/product_brand?post=9635"},{"taxonomy":"product_cat","embeddable":true,"href":"https:\/\/digamac.com\/pt-pt\/wp-json\/wp\/v2\/product_cat?post=9635"},{"taxonomy":"product_tag","embeddable":true,"href":"https:\/\/digamac.com\/pt-pt\/wp-json\/wp\/v2\/product_tag?post=9635"}],"curies":[{"name":"wp","href":"https:\/\/api.w.org\/{rel}","templated":true}]}}