{"id":9914,"date":"2023-03-15T10:14:49","date_gmt":"2023-03-15T09:14:51","guid":{"rendered":"https:\/\/digamac.com\/producto\/apple-macbook-air-62-133-recondicionado-core-i5-13ghz-8-gb-ram-128-gb-ssd-m2-1440x900-pt-10580\/"},"modified":"2023-05-03T09:57:06","modified_gmt":"2023-05-03T08:57:06","slug":"apple-macbook-air-62-133-recondicionado-core-i5-13ghz-8-gb-ram-128-gb-ssd-m2-1440x900-pt-10580","status":"publish","type":"product","link":"https:\/\/digamac.com\/pt-pt\/loja\/macbook-air-pt\/apple-macbook-air-62-133-recondicionado-core-i5-13ghz-8-gb-ram-128-gb-ssd-m2-1440x900-pt-10580\/","title":{"rendered":"Apple MacBook Air 6,2 13.3&#8221; | Recondicionado | Core i5 1.3GHz | 4 GB RAM | 128 GB SSD M2 1440&#215;900"},"content":{"rendered":"<p><strong>Processador<\/strong><br \/>Intel Core i5 4250U 1.3 GHz.<br \/><strong>Mem\u00f3ria RAM<\/strong><br \/>4 Gb. SO-DDR3 RAM<br \/><strong>Disco r\u00edgido<\/strong><br \/>128 Gb. SSD M2<br \/><strong>Cart\u00f5es<\/strong><br \/>Placa gr\u00e1fica: Intel HD Graphics 5000<br \/>Som: HD Audio<br \/><strong>Sistema operativo<\/strong><br \/>macOS Big Sur<br \/><strong>Portos<\/strong><br \/>1x Thunderbolt<br \/>2x USB 3.0<br \/><strong>Tela<\/strong><br \/>Led 13.3 &#8221; HD  16:10  \u00b7 Resolu\u00e7\u00e3o 1440&#215;900<br \/><strong>Multim\u00eddia<\/strong><br \/>Webcam<br \/>Leitor SD<br \/><strong>Conectividade<\/strong><br \/>WIFI<br \/>Bluetooth<br \/><strong>Espec\u00edfico laptop<\/strong><br \/>Layout do teclado Internacional (adesivos espanhol)<br \/><strong>Outros<\/strong><br \/>hR embalagens<br \/><strong>Dimens\u00f5es<\/strong><br \/>32x22x1.7 cm.<br \/><strong>Peso<\/strong><br \/>1.35 Kg.<br \/><strong>Especifica\u00e7\u00f5es adicionais<\/strong><br \/>Solu\u00e7\u00e3o ideal para mobilidade com apenas 1,3 kg de peso e design ultra plano. Boa apar\u00eancia externa. Pode apresentar leves sinais de uso na carca\u00e7a. O produto possui o Sistema Operacional instalado e pronto para funcionar. Sem d\u00favida, uma grande oportunidade de adquirir um MacBook e come\u00e7ar a usufruir dos benef\u00edcios do ambiente Apple. Veja &#8220;+ Fotos&#8221; e &#8220;V\u00eddeo&#8221; e se tiver alguma d\u00favida nos ligue ou use nosso chat para ampliar as informa\u00e7\u00f5es ou solicitar mais detalhes.<\/p>\n<p><strong>Coment\u00e1rios<\/strong><br \/><u>Modelo A1466 (Mid. 2013)<\/u><\/p>\n","protected":false},"excerpt":{"rendered":"<p>Intel Core i5 4250U 1.3 GHz. \u00b7 4 Gb. SO-DDR3 RAM \u00b7 128 Gb. SSD M2 \u00b7 macOS Big Sur \u00b7 Led 13.3 &#8221; HD  16:10  \u00b7 Resolu\u00e7\u00e3o 1440&#215;900 \u00b7 Webcam \u00b7 Leitor SD \u00b7 <u>Modelo A1466 (Mid. 2013)<\/u> [&#8230;]<\/p>\n<p><a class=\"btn btn-secondary understrap-read-more-link\" href=\"https:\/\/digamac.com\/pt-pt\/loja\/macbook-air-pt\/apple-macbook-air-62-133-recondicionado-core-i5-13ghz-8-gb-ram-128-gb-ssd-m2-1440x900-pt-10580\/\">Continuar a ler&#8230;<span class=\"screen-reader-text\"> from Apple MacBook Air 6,2 13.3&#8221; | Recondicionado | Core i5 1.3GHz | 4 GB RAM | 128 GB SSD M2 1440&#215;900<\/span><\/a><\/p>\n","protected":false},"featured_media":9889,"template":"","meta":[],"product_brand":[3122],"product_cat":[3060],"product_tag":[],"class_list":{"0":"post-9914","1":"product","2":"type-product","3":"status-publish","4":"has-post-thumbnail","6":"product_brand-apple","7":"product_cat-macbook-air-pt","9":"first","10":"outofstock","11":"taxable","12":"shipping-taxable","13":"purchasable","14":"product-type-simple"},"exclude_global_add_ons":true,"addons":{"keyboard-iso-upgrades":{"name":"Selecione idioma teclado","type":"multiple_choice","position":0,"required":false,"title_format":"heading","default":"","description_enable":false,"description":"","placeholder_enable":false,"placeholder":"","display":"radiobutton","restrictions_type":"any_text","adjust_price":false,"price":"","price_type":"quantity_based","restrictions":false,"min":"0","max":"0","options":[{"label":"Pegatinas Espanhol [AMP00082]","price":"0.0000","price_type":"quantity_based","image":0,"visibility":true},{"label":"Pegatinas Franc\u00e9s [AMP00084]","price":"0.0000","price_type":"quantity_based","image":0,"visibility":true},{"label":"Pegatinas Portugues [AMP00083]","price":"0.0000","price_type":"quantity_based","image":0,"visibility":true}]},"mouse-upgrades":{"name":"Extens\u00e3o rato","type":"multiple_choice","position":0,"required":false,"title_format":"heading","default":"","description_enable":false,"description":"","placeholder_enable":false,"placeholder":"","display":"radiobutton","restrictions_type":"any_text","adjust_price":false,"price":"","price_type":"quantity_based","restrictions":false,"min":"0","max":"0","options":[{"label":"Apple Magic Mouse 2 (A1657) [AMP00060]","price":"60.0000","price_type":"quantity_based","image":0,"visibility":true},{"label":"Rat\u00f3n Apple USB (A1152) [AMP00053]","price":"15.0000","price_type":"quantity_based","image":0,"visibility":true}]}},"_links":{"self":[{"href":"https:\/\/digamac.com\/pt-pt\/wp-json\/wp\/v2\/product\/9914","targetHints":{"allow":["GET"]}}],"collection":[{"href":"https:\/\/digamac.com\/pt-pt\/wp-json\/wp\/v2\/product"}],"about":[{"href":"https:\/\/digamac.com\/pt-pt\/wp-json\/wp\/v2\/types\/product"}],"wp:featuredmedia":[{"embeddable":true,"href":"https:\/\/digamac.com\/pt-pt\/wp-json\/wp\/v2\/media\/9889"}],"wp:attachment":[{"href":"https:\/\/digamac.com\/pt-pt\/wp-json\/wp\/v2\/media?parent=9914"}],"wp:term":[{"taxonomy":"product_brand","embeddable":true,"href":"https:\/\/digamac.com\/pt-pt\/wp-json\/wp\/v2\/product_brand?post=9914"},{"taxonomy":"product_cat","embeddable":true,"href":"https:\/\/digamac.com\/pt-pt\/wp-json\/wp\/v2\/product_cat?post=9914"},{"taxonomy":"product_tag","embeddable":true,"href":"https:\/\/digamac.com\/pt-pt\/wp-json\/wp\/v2\/product_tag?post=9914"}],"curies":[{"name":"wp","href":"https:\/\/api.w.org\/{rel}","templated":true}]}}